{"id":3744,"date":"2022-02-24T14:44:28","date_gmt":"2022-02-24T13:44:28","guid":{"rendered":"https:\/\/wellenklaenge.at\/?post_type=product&#038;p=3744"},"modified":"2026-04-22T14:30:48","modified_gmt":"2026-04-22T12:30:48","slug":"maerchenwanderung","status":"publish","type":"product","link":"https:\/\/wellenklaenge.at\/en\/product\/maerchenwanderung\/","title":{"rendered":"Fairy Tale Hike"},"content":{"rendered":"","protected":false},"excerpt":{"rendered":"<p class=\"elementor-heading-title elementor-size-default\"><span style=\"font-family: radikal-light;\"><br \/>\nZauberm\u00e4rchen und Schelmengeschichten zum Festivalthema \u201eEmpathie &amp; Widerstand\u201c mit den Erz\u00e4hlern <a href=\"https:\/\/wellenklaenge.at\/kuenstlerinnen-2026\/wittmann-dalkilic\/\">Helmut Wittmann &amp; Mehmet Dalkilic<\/a><\/span><\/p>\n<p><span style=\"font-family: radikal-light;\"><strong>Di, 14.07.2026,<\/strong> 16:30 Uhr<\/span><br \/>\n<span style=\"font-family: radikal-light;\"><strong>Treffpunkt:<\/strong> 16:00 Uhr, Parkplatz beim Almgasthaus Rehberg (Adresse: Maisszinken 4, 3293 Lunz am See)<\/span><\/p>\n<p>&nbsp;<\/p>\n<p><span style=\"font-family: garaline-italic;\"><i data-stringify-type=\"italic\">* Alternative venue in case of uncertain weather conditions: Haus der Wildnis<\/i><\/span><\/p>","protected":false},"featured_media":14492,"template":"","meta":{"inline_featured_image":false},"product_cat":[27],"product_tag":[],"class_list":["post-3744","product","type-product","status-publish","has-post-thumbnail","hentry","product_cat-unkategorisiert","product_shipping_class-reservierung-eintrittskarte-als-pdf"],"yoast_head":"<!-- This site is optimized with the Yoast SEO plugin v20.1 - https:\/\/yoast.com\/wordpress\/plugins\/seo\/ -->\n<title>M\u00e4rchenwanderung - wellenklaenge<\/title>\n<meta name=\"robots\" content=\"index, follow, max-snippet:-1, max-image-preview:large, max-video-preview:-1\" \/>\n<link rel=\"canonical\" href=\"https:\/\/wellenklaenge.at\/en\/product\/maerchenwanderung\/\" \/>\n<meta property=\"og:locale\" content=\"en_GB\" \/>\n<meta property=\"og:type\" content=\"article\" \/>\n<meta property=\"og:title\" content=\"M\u00e4rchenwanderung - wellenklaenge\" \/>\n<meta property=\"og:description\" content=\"Zauberm\u00e4rchen und Schelmengeschichten zum Festivalthema \u201eEmpathie &amp; Widerstand\u201c mit den Erz\u00e4hlern Helmut Wittmann &amp; Mehmet Dalkilic Di, 14.07.2026, 16:30 Uhr Treffpunkt: 16:00 Uhr, Parkplatz beim Almgasthaus Rehberg (Adresse: Maisszinken 4, 3293 Lunz am See)  &nbsp;  * Ersatzspielort bei unsicherer Wetterlage: Haus der Wildnis\" \/>\n<meta property=\"og:url\" content=\"https:\/\/wellenklaenge.at\/en\/product\/maerchenwanderung\/\" \/>\n<meta property=\"og:site_name\" content=\"wellenklaenge\" \/>\n<meta property=\"article:modified_time\" content=\"2026-04-22T12:30:48+00:00\" \/>\n<meta property=\"og:image\" content=\"https:\/\/wellenklaenge.at\/wp-content\/uploads\/2022\/02\/15.7.jpg\" \/>\n\t<meta property=\"og:image:width\" content=\"1200\" \/>\n\t<meta property=\"og:image:height\" content=\"628\" \/>\n\t<meta property=\"og:image:type\" content=\"image\/jpeg\" \/>\n<meta name=\"twitter:card\" content=\"summary_large_image\" \/>\n<script type=\"application\/ld+json\" class=\"yoast-schema-graph\">{\"@context\":\"https:\/\/schema.org\",\"@graph\":[{\"@type\":\"WebPage\",\"@id\":\"https:\/\/wellenklaenge.at\/produkt\/maerchenwanderung\/\",\"url\":\"https:\/\/wellenklaenge.at\/produkt\/maerchenwanderung\/\",\"name\":\"M\u00e4rchenwanderung - wellenklaenge\",\"isPartOf\":{\"@id\":\"https:\/\/wellenklaenge.at\/#website\"},\"datePublished\":\"2022-02-24T13:44:28+00:00\",\"dateModified\":\"2026-04-22T12:30:48+00:00\",\"breadcrumb\":{\"@id\":\"https:\/\/wellenklaenge.at\/produkt\/maerchenwanderung\/#breadcrumb\"},\"inLanguage\":\"en-GB\",\"potentialAction\":[{\"@type\":\"ReadAction\",\"target\":[\"https:\/\/wellenklaenge.at\/produkt\/maerchenwanderung\/\"]}]},{\"@type\":\"BreadcrumbList\",\"@id\":\"https:\/\/wellenklaenge.at\/produkt\/maerchenwanderung\/#breadcrumb\",\"itemListElement\":[{\"@type\":\"ListItem\",\"position\":1,\"name\":\"Startseite\",\"item\":\"https:\/\/wellenklaenge.at\/\"},{\"@type\":\"ListItem\",\"position\":2,\"name\":\"Shop\",\"item\":\"https:\/\/wellenklaenge.at\/shop\/\"},{\"@type\":\"ListItem\",\"position\":3,\"name\":\"M\u00e4rchenwanderung\"}]},{\"@type\":\"WebSite\",\"@id\":\"https:\/\/wellenklaenge.at\/#website\",\"url\":\"https:\/\/wellenklaenge.at\/\",\"name\":\"wellenklaenge\",\"description\":\"Festival f\u00fcr zeitgen\u00f6ssische Str\u00f6mungen\",\"potentialAction\":[{\"@type\":\"SearchAction\",\"target\":{\"@type\":\"EntryPoint\",\"urlTemplate\":\"https:\/\/wellenklaenge.at\/?s={search_term_string}\"},\"query-input\":\"required name=search_term_string\"}],\"inLanguage\":\"en-GB\"}]}<\/script>\n<!-- \/ Yoast SEO plugin. -->","yoast_head_json":{"title":"M\u00e4rchenwanderung - wellenklaenge","robots":{"index":"index","follow":"follow","max-snippet":"max-snippet:-1","max-image-preview":"max-image-preview:large","max-video-preview":"max-video-preview:-1"},"canonical":"https:\/\/wellenklaenge.at\/en\/product\/maerchenwanderung\/","og_locale":"en_GB","og_type":"article","og_title":"M\u00e4rchenwanderung - wellenklaenge","og_description":"Zauberm\u00e4rchen und Schelmengeschichten zum Festivalthema \u201eEmpathie &amp; Widerstand\u201c mit den Erz\u00e4hlern Helmut Wittmann &amp; Mehmet Dalkilic Di, 14.07.2026, 16:30 Uhr Treffpunkt: 16:00 Uhr, Parkplatz beim Almgasthaus Rehberg (Adresse: Maisszinken 4, 3293 Lunz am See)  &nbsp;  * Ersatzspielort bei unsicherer Wetterlage: Haus der Wildnis","og_url":"https:\/\/wellenklaenge.at\/en\/product\/maerchenwanderung\/","og_site_name":"wellenklaenge","article_modified_time":"2026-04-22T12:30:48+00:00","og_image":[{"width":1200,"height":628,"url":"https:\/\/wellenklaenge.at\/wp-content\/uploads\/2022\/02\/15.7.jpg","type":"image\/jpeg"}],"twitter_card":"summary_large_image","schema":{"@context":"https:\/\/schema.org","@graph":[{"@type":"WebPage","@id":"https:\/\/wellenklaenge.at\/produkt\/maerchenwanderung\/","url":"https:\/\/wellenklaenge.at\/produkt\/maerchenwanderung\/","name":"M\u00e4rchenwanderung - wellenklaenge","isPartOf":{"@id":"https:\/\/wellenklaenge.at\/#website"},"datePublished":"2022-02-24T13:44:28+00:00","dateModified":"2026-04-22T12:30:48+00:00","breadcrumb":{"@id":"https:\/\/wellenklaenge.at\/produkt\/maerchenwanderung\/#breadcrumb"},"inLanguage":"en-GB","potentialAction":[{"@type":"ReadAction","target":["https:\/\/wellenklaenge.at\/produkt\/maerchenwanderung\/"]}]},{"@type":"BreadcrumbList","@id":"https:\/\/wellenklaenge.at\/produkt\/maerchenwanderung\/#breadcrumb","itemListElement":[{"@type":"ListItem","position":1,"name":"Startseite","item":"https:\/\/wellenklaenge.at\/"},{"@type":"ListItem","position":2,"name":"Shop","item":"https:\/\/wellenklaenge.at\/shop\/"},{"@type":"ListItem","position":3,"name":"M\u00e4rchenwanderung"}]},{"@type":"WebSite","@id":"https:\/\/wellenklaenge.at\/#website","url":"https:\/\/wellenklaenge.at\/","name":"wellenklaenge","description":"Festival f\u00fcr zeitgen\u00f6ssische Str\u00f6mungen","potentialAction":[{"@type":"SearchAction","target":{"@type":"EntryPoint","urlTemplate":"https:\/\/wellenklaenge.at\/?s={search_term_string}"},"query-input":"required name=search_term_string"}],"inLanguage":"en-GB"}]}},"_links":{"self":[{"href":"https:\/\/wellenklaenge.at\/en\/wp-json\/wp\/v2\/product\/3744","targetHints":{"allow":["GET"]}}],"collection":[{"href":"https:\/\/wellenklaenge.at\/en\/wp-json\/wp\/v2\/product"}],"about":[{"href":"https:\/\/wellenklaenge.at\/en\/wp-json\/wp\/v2\/types\/product"}],"wp:featuredmedia":[{"embeddable":true,"href":"https:\/\/wellenklaenge.at\/en\/wp-json\/wp\/v2\/media\/14492"}],"wp:attachment":[{"href":"https:\/\/wellenklaenge.at\/en\/wp-json\/wp\/v2\/media?parent=3744"}],"wp:term":[{"taxonomy":"product_cat","embeddable":true,"href":"https:\/\/wellenklaenge.at\/en\/wp-json\/wp\/v2\/product_cat?post=3744"},{"taxonomy":"product_tag","embeddable":true,"href":"https:\/\/wellenklaenge.at\/en\/wp-json\/wp\/v2\/product_tag?post=3744"}],"curies":[{"name":"wp","href":"https:\/\/api.w.org\/{rel}","templated":true}]}}