{"id":3741,"date":"2022-02-24T14:40:52","date_gmt":"2022-02-24T13:40:52","guid":{"rendered":"https:\/\/wellenklaenge.at\/?post_type=product&#038;p=3741"},"modified":"2026-05-06T18:16:17","modified_gmt":"2026-05-06T16:16:17","slug":"see-rund-gang","status":"publish","type":"product","link":"https:\/\/wellenklaenge.at\/en\/product\/see-rund-gang\/","title":{"rendered":"A walk around the Lake"},"content":{"rendered":"","protected":false},"excerpt":{"rendered":"<p class=\"elementor-heading-title elementor-size-default\"><span style=\"font-family: radikal-light;\"><br \/>\nSee.Rund.Gang mit <a href=\"https:\/\/wellenklaenge.at\/kuenstlerinnen-2026\/obermayer-rom\/\">Marlen Mairhofer<\/a> \/\/<br \/>\nMusikalische Begleitung: <a href=\"https:\/\/wellenklaenge.at\/kuenstlerinnen-2026\/obermayer-rom\/\">Anja Obermayer &amp; Mario Rom<\/a><\/span><\/p>\n<p><span style=\"font-family: radikal-light;\"><strong>Mi, 22.07.2026,<\/strong> 16:30 Uhr<\/span><br \/>\n<span style=\"font-family: radikal-light;\"><b data-stringify-type=\"bold\">Meeting point: 4:00 p.m., Seehof hikers' car park*<\/b><\/span><\/p>\n<p>&nbsp;<\/p>\n<p><span style=\"font-size: 10pt; font-family: garaline-italic;\">* Alternative venue in case of uncertain weather conditions: Haus der Wildnis<\/span><\/p>","protected":false},"featured_media":16934,"template":"","meta":{"inline_featured_image":false},"product_cat":[27],"product_tag":[],"class_list":["post-3741","product","type-product","status-publish","has-post-thumbnail","hentry","product_cat-unkategorisiert","product_shipping_class-reservierung-eintrittskarte-als-pdf"],"yoast_head":"<!-- This site is optimized with the Yoast SEO plugin v20.1 - https:\/\/yoast.com\/wordpress\/plugins\/seo\/ -->\n<title>See.Rund.Gang - wellenklaenge<\/title>\n<meta name=\"robots\" content=\"index, follow, max-snippet:-1, max-image-preview:large, max-video-preview:-1\" \/>\n<link rel=\"canonical\" href=\"https:\/\/wellenklaenge.at\/en\/product\/see-rund-gang\/\" \/>\n<meta property=\"og:locale\" content=\"en_GB\" \/>\n<meta property=\"og:type\" content=\"article\" \/>\n<meta property=\"og:title\" content=\"See.Rund.Gang - wellenklaenge\" \/>\n<meta property=\"og:description\" content=\"See.Rund.Gang mit Marlen Mairhofer \/\/ Musikalische Begleitung: Anja Obermayer &amp; Mario Rom Mi, 22.07.2026, 16:30 Uhr Treffpunkt: 16:00 Uhr, Wandererparkplatz Seehof*  &nbsp;  * Ersatzspielort bei unsicherer Wetterlage: Haus der Wildnis\" \/>\n<meta property=\"og:url\" content=\"https:\/\/wellenklaenge.at\/en\/product\/see-rund-gang\/\" \/>\n<meta property=\"og:site_name\" content=\"wellenklaenge\" \/>\n<meta property=\"article:modified_time\" content=\"2026-05-06T16:16:17+00:00\" \/>\n<meta property=\"og:image\" content=\"https:\/\/wellenklaenge.at\/wp-content\/uploads\/2026\/03\/seerundgang.jpg\" \/>\n\t<meta property=\"og:image:width\" content=\"1400\" \/>\n\t<meta property=\"og:image:height\" content=\"787\" \/>\n\t<meta property=\"og:image:type\" content=\"image\/jpeg\" \/>\n<meta name=\"twitter:card\" content=\"summary_large_image\" \/>\n<script type=\"application\/ld+json\" class=\"yoast-schema-graph\">{\"@context\":\"https:\/\/schema.org\",\"@graph\":[{\"@type\":\"WebPage\",\"@id\":\"https:\/\/wellenklaenge.at\/produkt\/see-rund-gang\/\",\"url\":\"https:\/\/wellenklaenge.at\/produkt\/see-rund-gang\/\",\"name\":\"See.Rund.Gang - wellenklaenge\",\"isPartOf\":{\"@id\":\"https:\/\/wellenklaenge.at\/#website\"},\"datePublished\":\"2022-02-24T13:40:52+00:00\",\"dateModified\":\"2026-05-06T16:16:17+00:00\",\"breadcrumb\":{\"@id\":\"https:\/\/wellenklaenge.at\/produkt\/see-rund-gang\/#breadcrumb\"},\"inLanguage\":\"en-GB\",\"potentialAction\":[{\"@type\":\"ReadAction\",\"target\":[\"https:\/\/wellenklaenge.at\/produkt\/see-rund-gang\/\"]}]},{\"@type\":\"BreadcrumbList\",\"@id\":\"https:\/\/wellenklaenge.at\/produkt\/see-rund-gang\/#breadcrumb\",\"itemListElement\":[{\"@type\":\"ListItem\",\"position\":1,\"name\":\"Startseite\",\"item\":\"https:\/\/wellenklaenge.at\/\"},{\"@type\":\"ListItem\",\"position\":2,\"name\":\"Shop\",\"item\":\"https:\/\/wellenklaenge.at\/shop\/\"},{\"@type\":\"ListItem\",\"position\":3,\"name\":\"See.Rund.Gang\"}]},{\"@type\":\"WebSite\",\"@id\":\"https:\/\/wellenklaenge.at\/#website\",\"url\":\"https:\/\/wellenklaenge.at\/\",\"name\":\"wellenklaenge\",\"description\":\"Festival f\u00fcr zeitgen\u00f6ssische Str\u00f6mungen\",\"potentialAction\":[{\"@type\":\"SearchAction\",\"target\":{\"@type\":\"EntryPoint\",\"urlTemplate\":\"https:\/\/wellenklaenge.at\/?s={search_term_string}\"},\"query-input\":\"required name=search_term_string\"}],\"inLanguage\":\"en-GB\"}]}<\/script>\n<!-- \/ Yoast SEO plugin. -->","yoast_head_json":{"title":"See.Rund.Gang - wellenklaenge","robots":{"index":"index","follow":"follow","max-snippet":"max-snippet:-1","max-image-preview":"max-image-preview:large","max-video-preview":"max-video-preview:-1"},"canonical":"https:\/\/wellenklaenge.at\/en\/product\/see-rund-gang\/","og_locale":"en_GB","og_type":"article","og_title":"See.Rund.Gang - wellenklaenge","og_description":"See.Rund.Gang mit Marlen Mairhofer \/\/ Musikalische Begleitung: Anja Obermayer &amp; Mario Rom Mi, 22.07.2026, 16:30 Uhr Treffpunkt: 16:00 Uhr, Wandererparkplatz Seehof*  &nbsp;  * Ersatzspielort bei unsicherer Wetterlage: Haus der Wildnis","og_url":"https:\/\/wellenklaenge.at\/en\/product\/see-rund-gang\/","og_site_name":"wellenklaenge","article_modified_time":"2026-05-06T16:16:17+00:00","og_image":[{"width":1400,"height":787,"url":"https:\/\/wellenklaenge.at\/wp-content\/uploads\/2026\/03\/seerundgang.jpg","type":"image\/jpeg"}],"twitter_card":"summary_large_image","schema":{"@context":"https:\/\/schema.org","@graph":[{"@type":"WebPage","@id":"https:\/\/wellenklaenge.at\/produkt\/see-rund-gang\/","url":"https:\/\/wellenklaenge.at\/produkt\/see-rund-gang\/","name":"See.Rund.Gang - wellenklaenge","isPartOf":{"@id":"https:\/\/wellenklaenge.at\/#website"},"datePublished":"2022-02-24T13:40:52+00:00","dateModified":"2026-05-06T16:16:17+00:00","breadcrumb":{"@id":"https:\/\/wellenklaenge.at\/produkt\/see-rund-gang\/#breadcrumb"},"inLanguage":"en-GB","potentialAction":[{"@type":"ReadAction","target":["https:\/\/wellenklaenge.at\/produkt\/see-rund-gang\/"]}]},{"@type":"BreadcrumbList","@id":"https:\/\/wellenklaenge.at\/produkt\/see-rund-gang\/#breadcrumb","itemListElement":[{"@type":"ListItem","position":1,"name":"Startseite","item":"https:\/\/wellenklaenge.at\/"},{"@type":"ListItem","position":2,"name":"Shop","item":"https:\/\/wellenklaenge.at\/shop\/"},{"@type":"ListItem","position":3,"name":"See.Rund.Gang"}]},{"@type":"WebSite","@id":"https:\/\/wellenklaenge.at\/#website","url":"https:\/\/wellenklaenge.at\/","name":"wellenklaenge","description":"Festival f\u00fcr zeitgen\u00f6ssische Str\u00f6mungen","potentialAction":[{"@type":"SearchAction","target":{"@type":"EntryPoint","urlTemplate":"https:\/\/wellenklaenge.at\/?s={search_term_string}"},"query-input":"required name=search_term_string"}],"inLanguage":"en-GB"}]}},"_links":{"self":[{"href":"https:\/\/wellenklaenge.at\/en\/wp-json\/wp\/v2\/product\/3741","targetHints":{"allow":["GET"]}}],"collection":[{"href":"https:\/\/wellenklaenge.at\/en\/wp-json\/wp\/v2\/product"}],"about":[{"href":"https:\/\/wellenklaenge.at\/en\/wp-json\/wp\/v2\/types\/product"}],"wp:featuredmedia":[{"embeddable":true,"href":"https:\/\/wellenklaenge.at\/en\/wp-json\/wp\/v2\/media\/16934"}],"wp:attachment":[{"href":"https:\/\/wellenklaenge.at\/en\/wp-json\/wp\/v2\/media?parent=3741"}],"wp:term":[{"taxonomy":"product_cat","embeddable":true,"href":"https:\/\/wellenklaenge.at\/en\/wp-json\/wp\/v2\/product_cat?post=3741"},{"taxonomy":"product_tag","embeddable":true,"href":"https:\/\/wellenklaenge.at\/en\/wp-json\/wp\/v2\/product_tag?post=3741"}],"curies":[{"name":"wp","href":"https:\/\/api.w.org\/{rel}","templated":true}]}}