{"id":3721,"date":"2022-02-24T12:55:22","date_gmt":"2022-02-24T11:55:22","guid":{"rendered":"https:\/\/wellenklaenge.at\/?post_type=product&#038;p=3721"},"modified":"2024-07-18T15:39:15","modified_gmt":"2024-07-18T13:39:15","slug":"wellenklaenge-shirts","status":"publish","type":"product","link":"https:\/\/wellenklaenge.at\/en\/product\/wellenklaenge-shirts\/","title":{"rendered":"wellenkl\u00e6nge \u2013 Shirts"},"content":{"rendered":"","protected":false},"excerpt":{"rendered":"<p>&nbsp;<\/p>\n<p>&nbsp;<\/p>\n<p>Alle unsere Shirts sind aus Baumwolle, handgemacht &amp; siebgedruckt in Wien!<br \/>\nSie wurden von der Designerin Lisi Lang (<a href=\"https:\/\/lila.cx\/\" target=\"_blank\" rel=\"noopener\">www.lila.at<\/a>) gemeinsam mit den wellenkl\u00e6ngen entworfen und die Schnitte sind unisex!<br \/>\nBei M\u00e4nnern besonders beliebt und schick ist das Modell Seebacher, aber auch alle anderen Modelle sehen sowohl an Frauen als auch an M\u00e4nnern sehr schick aus und sind sehr bequem!<\/p>\n<p>Danke an unsere Modells\u00a0Elena &amp; Sonja sowie\u00a0Lukas &amp; Georg.<\/p>\n<p><span style=\"font-size: 11px;\">Bei Versand innerhalb \u00d6sterreichs kommt ein Porto von \u20ac3.50 dazu.<\/span><\/p>","protected":false},"featured_media":3734,"template":"","meta":{"inline_featured_image":false},"product_cat":[34],"product_tag":[],"class_list":["post-3721","product","type-product","status-publish","has-post-thumbnail","hentry","product_cat-shirts","product_shipping_class-versand"],"yoast_head":"<!-- This site is optimized with the Yoast SEO plugin v20.1 - https:\/\/yoast.com\/wordpress\/plugins\/seo\/ -->\n<title>wellenkl\u00e6nge \u2013 Shirts - wellenklaenge<\/title>\n<meta name=\"robots\" content=\"index, follow, max-snippet:-1, max-image-preview:large, max-video-preview:-1\" \/>\n<link rel=\"canonical\" href=\"https:\/\/wellenklaenge.at\/en\/product\/wellenklaenge-shirts\/\" \/>\n<meta property=\"og:locale\" content=\"en_GB\" \/>\n<meta property=\"og:type\" content=\"article\" \/>\n<meta property=\"og:title\" content=\"wellenkl\u00e6nge \u2013 Shirts - wellenklaenge\" \/>\n<meta property=\"og:description\" content=\"&nbsp;  &nbsp;  Alle unsere Shirts sind aus Baumwolle, handgemacht &amp; siebgedruckt in Wien! Sie wurden von der Designerin Lisi Lang (www.lila.at) gemeinsam mit den wellenkl\u00e6ngen entworfen und die Schnitte sind unisex! Bei M\u00e4nnern besonders beliebt und schick ist das Modell Seebacher, aber auch alle anderen Modelle sehen sowohl an Frauen als auch an M\u00e4nnern sehr schick aus und sind sehr bequem!  Danke an unsere Modells\u00a0Elena &amp; Sonja sowie\u00a0Lukas &amp; Georg.  Bei Versand innerhalb \u00d6sterreichs kommt ein Porto von \u20ac3.50 dazu.\" \/>\n<meta property=\"og:url\" content=\"https:\/\/wellenklaenge.at\/en\/product\/wellenklaenge-shirts\/\" \/>\n<meta property=\"og:site_name\" content=\"wellenklaenge\" \/>\n<meta property=\"article:modified_time\" content=\"2024-07-18T13:39:15+00:00\" \/>\n<meta property=\"og:image\" content=\"https:\/\/wellenklaenge.at\/wp-content\/uploads\/2022\/02\/Shirts.jpg\" \/>\n\t<meta property=\"og:image:width\" content=\"461\" \/>\n\t<meta property=\"og:image:height\" content=\"597\" \/>\n\t<meta property=\"og:image:type\" content=\"image\/jpeg\" \/>\n<meta name=\"twitter:card\" content=\"summary_large_image\" \/>\n<script type=\"application\/ld+json\" class=\"yoast-schema-graph\">{\"@context\":\"https:\/\/schema.org\",\"@graph\":[{\"@type\":\"WebPage\",\"@id\":\"https:\/\/wellenklaenge.at\/produkt\/wellenklaenge-shirts\/\",\"url\":\"https:\/\/wellenklaenge.at\/produkt\/wellenklaenge-shirts\/\",\"name\":\"wellenkl\u00e6nge \u2013 Shirts - wellenklaenge\",\"isPartOf\":{\"@id\":\"https:\/\/wellenklaenge.at\/#website\"},\"datePublished\":\"2022-02-24T11:55:22+00:00\",\"dateModified\":\"2024-07-18T13:39:15+00:00\",\"breadcrumb\":{\"@id\":\"https:\/\/wellenklaenge.at\/produkt\/wellenklaenge-shirts\/#breadcrumb\"},\"inLanguage\":\"en-GB\",\"potentialAction\":[{\"@type\":\"ReadAction\",\"target\":[\"https:\/\/wellenklaenge.at\/produkt\/wellenklaenge-shirts\/\"]}]},{\"@type\":\"BreadcrumbList\",\"@id\":\"https:\/\/wellenklaenge.at\/produkt\/wellenklaenge-shirts\/#breadcrumb\",\"itemListElement\":[{\"@type\":\"ListItem\",\"position\":1,\"name\":\"Startseite\",\"item\":\"https:\/\/wellenklaenge.at\/\"},{\"@type\":\"ListItem\",\"position\":2,\"name\":\"Shop\",\"item\":\"https:\/\/wellenklaenge.at\/shop\/\"},{\"@type\":\"ListItem\",\"position\":3,\"name\":\"wellenkl\u00e6nge \u2013 Shirts\"}]},{\"@type\":\"WebSite\",\"@id\":\"https:\/\/wellenklaenge.at\/#website\",\"url\":\"https:\/\/wellenklaenge.at\/\",\"name\":\"wellenklaenge\",\"description\":\"Festival f\u00fcr zeitgen\u00f6ssische Str\u00f6mungen\",\"potentialAction\":[{\"@type\":\"SearchAction\",\"target\":{\"@type\":\"EntryPoint\",\"urlTemplate\":\"https:\/\/wellenklaenge.at\/?s={search_term_string}\"},\"query-input\":\"required name=search_term_string\"}],\"inLanguage\":\"en-GB\"}]}<\/script>\n<!-- \/ Yoast SEO plugin. -->","yoast_head_json":{"title":"wellenkl\u00e6nge \u2013 Shirts - wellenklaenge","robots":{"index":"index","follow":"follow","max-snippet":"max-snippet:-1","max-image-preview":"max-image-preview:large","max-video-preview":"max-video-preview:-1"},"canonical":"https:\/\/wellenklaenge.at\/en\/product\/wellenklaenge-shirts\/","og_locale":"en_GB","og_type":"article","og_title":"wellenkl\u00e6nge \u2013 Shirts - wellenklaenge","og_description":"&nbsp;  &nbsp;  Alle unsere Shirts sind aus Baumwolle, handgemacht &amp; siebgedruckt in Wien! Sie wurden von der Designerin Lisi Lang (www.lila.at) gemeinsam mit den wellenkl\u00e6ngen entworfen und die Schnitte sind unisex! Bei M\u00e4nnern besonders beliebt und schick ist das Modell Seebacher, aber auch alle anderen Modelle sehen sowohl an Frauen als auch an M\u00e4nnern sehr schick aus und sind sehr bequem!  Danke an unsere Modells\u00a0Elena &amp; Sonja sowie\u00a0Lukas &amp; Georg.  Bei Versand innerhalb \u00d6sterreichs kommt ein Porto von \u20ac3.50 dazu.","og_url":"https:\/\/wellenklaenge.at\/en\/product\/wellenklaenge-shirts\/","og_site_name":"wellenklaenge","article_modified_time":"2024-07-18T13:39:15+00:00","og_image":[{"width":461,"height":597,"url":"https:\/\/wellenklaenge.at\/wp-content\/uploads\/2022\/02\/Shirts.jpg","type":"image\/jpeg"}],"twitter_card":"summary_large_image","schema":{"@context":"https:\/\/schema.org","@graph":[{"@type":"WebPage","@id":"https:\/\/wellenklaenge.at\/produkt\/wellenklaenge-shirts\/","url":"https:\/\/wellenklaenge.at\/produkt\/wellenklaenge-shirts\/","name":"wellenkl\u00e6nge \u2013 Shirts - wellenklaenge","isPartOf":{"@id":"https:\/\/wellenklaenge.at\/#website"},"datePublished":"2022-02-24T11:55:22+00:00","dateModified":"2024-07-18T13:39:15+00:00","breadcrumb":{"@id":"https:\/\/wellenklaenge.at\/produkt\/wellenklaenge-shirts\/#breadcrumb"},"inLanguage":"en-GB","potentialAction":[{"@type":"ReadAction","target":["https:\/\/wellenklaenge.at\/produkt\/wellenklaenge-shirts\/"]}]},{"@type":"BreadcrumbList","@id":"https:\/\/wellenklaenge.at\/produkt\/wellenklaenge-shirts\/#breadcrumb","itemListElement":[{"@type":"ListItem","position":1,"name":"Startseite","item":"https:\/\/wellenklaenge.at\/"},{"@type":"ListItem","position":2,"name":"Shop","item":"https:\/\/wellenklaenge.at\/shop\/"},{"@type":"ListItem","position":3,"name":"wellenkl\u00e6nge \u2013 Shirts"}]},{"@type":"WebSite","@id":"https:\/\/wellenklaenge.at\/#website","url":"https:\/\/wellenklaenge.at\/","name":"wellenklaenge","description":"Festival f\u00fcr zeitgen\u00f6ssische Str\u00f6mungen","potentialAction":[{"@type":"SearchAction","target":{"@type":"EntryPoint","urlTemplate":"https:\/\/wellenklaenge.at\/?s={search_term_string}"},"query-input":"required name=search_term_string"}],"inLanguage":"en-GB"}]}},"_links":{"self":[{"href":"https:\/\/wellenklaenge.at\/en\/wp-json\/wp\/v2\/product\/3721","targetHints":{"allow":["GET"]}}],"collection":[{"href":"https:\/\/wellenklaenge.at\/en\/wp-json\/wp\/v2\/product"}],"about":[{"href":"https:\/\/wellenklaenge.at\/en\/wp-json\/wp\/v2\/types\/product"}],"wp:featuredmedia":[{"embeddable":true,"href":"https:\/\/wellenklaenge.at\/en\/wp-json\/wp\/v2\/media\/3734"}],"wp:attachment":[{"href":"https:\/\/wellenklaenge.at\/en\/wp-json\/wp\/v2\/media?parent=3721"}],"wp:term":[{"taxonomy":"product_cat","embeddable":true,"href":"https:\/\/wellenklaenge.at\/en\/wp-json\/wp\/v2\/product_cat?post=3721"},{"taxonomy":"product_tag","embeddable":true,"href":"https:\/\/wellenklaenge.at\/en\/wp-json\/wp\/v2\/product_tag?post=3721"}],"curies":[{"name":"wp","href":"https:\/\/api.w.org\/{rel}","templated":true}]}}