{"id":3176,"date":"2022-02-21T11:39:14","date_gmt":"2022-02-21T10:39:14","guid":{"rendered":"https:\/\/wellenklaenge.at\/?post_type=product&#038;p=3176"},"modified":"2024-07-18T15:36:53","modified_gmt":"2024-07-18T13:36:53","slug":"dewellenklaenge-poster-wellenenwellenklaenge-poster-waves","status":"publish","type":"product","link":"https:\/\/wellenklaenge.at\/en\/product\/dewellenklaenge-poster-wellenenwellenklaenge-poster-waves\/","title":{"rendered":"wellenkl\u00e6nge &#8211; Poster (Wellen)"},"content":{"rendered":"","protected":false},"excerpt":{"rendered":"<p>&nbsp;<\/p>\n<p><b>Poster ohne Holzrahmen<\/b><\/p>\n<p>Format: A2 (420 x 594mm)<br \/>\n<span style=\"font-size: 11px;\">Bei Versand innerhalb \u00d6sterreichs kommt ein Porto von \u20ac3.50 dazu.<\/span><\/p>","protected":false},"featured_media":3184,"template":"","meta":{"inline_featured_image":false},"product_cat":[27],"product_tag":[],"class_list":["post-3176","product","type-product","status-publish","has-post-thumbnail","hentry","product_cat-unkategorisiert","product_shipping_class-versand"],"yoast_head":"<!-- This site is optimized with the Yoast SEO plugin v20.1 - https:\/\/yoast.com\/wordpress\/plugins\/seo\/ -->\n<title>wellenkl\u00e6nge - Poster (Wellen) - wellenklaenge<\/title>\n<meta name=\"robots\" content=\"index, follow, max-snippet:-1, max-image-preview:large, max-video-preview:-1\" \/>\n<link rel=\"canonical\" href=\"https:\/\/wellenklaenge.at\/en\/product\/dewellenklaenge-poster-wellenenwellenklaenge-poster-waves\/\" \/>\n<meta property=\"og:locale\" content=\"en_GB\" \/>\n<meta property=\"og:type\" content=\"article\" \/>\n<meta property=\"og:title\" content=\"wellenkl\u00e6nge - Poster (Wellen) - wellenklaenge\" \/>\n<meta property=\"og:description\" content=\"&nbsp;  Poster ohne Holzrahmen  Format: A2 (420 x 594mm) Bei Versand innerhalb \u00d6sterreichs kommt ein Porto von \u20ac3.50 dazu.\" \/>\n<meta property=\"og:url\" content=\"https:\/\/wellenklaenge.at\/en\/product\/dewellenklaenge-poster-wellenenwellenklaenge-poster-waves\/\" \/>\n<meta property=\"og:site_name\" content=\"wellenklaenge\" \/>\n<meta property=\"article:modified_time\" content=\"2024-07-18T13:36:53+00:00\" \/>\n<meta property=\"og:image\" content=\"https:\/\/wellenklaenge.at\/wp-content\/uploads\/2022\/02\/Poster1_ohneRahmen.jpg\" \/>\n\t<meta property=\"og:image:width\" content=\"600\" \/>\n\t<meta property=\"og:image:height\" content=\"717\" \/>\n\t<meta property=\"og:image:type\" content=\"image\/jpeg\" \/>\n<meta name=\"twitter:card\" content=\"summary_large_image\" \/>\n<script type=\"application\/ld+json\" class=\"yoast-schema-graph\">{\"@context\":\"https:\/\/schema.org\",\"@graph\":[{\"@type\":\"WebPage\",\"@id\":\"https:\/\/wellenklaenge.at\/produkt\/dewellenklaenge-poster-wellenenwellenklaenge-poster-waves\/\",\"url\":\"https:\/\/wellenklaenge.at\/produkt\/dewellenklaenge-poster-wellenenwellenklaenge-poster-waves\/\",\"name\":\"wellenkl\u00e6nge - Poster (Wellen) - wellenklaenge\",\"isPartOf\":{\"@id\":\"https:\/\/wellenklaenge.at\/#website\"},\"datePublished\":\"2022-02-21T10:39:14+00:00\",\"dateModified\":\"2024-07-18T13:36:53+00:00\",\"breadcrumb\":{\"@id\":\"https:\/\/wellenklaenge.at\/produkt\/dewellenklaenge-poster-wellenenwellenklaenge-poster-waves\/#breadcrumb\"},\"inLanguage\":\"en-GB\",\"potentialAction\":[{\"@type\":\"ReadAction\",\"target\":[\"https:\/\/wellenklaenge.at\/produkt\/dewellenklaenge-poster-wellenenwellenklaenge-poster-waves\/\"]}]},{\"@type\":\"BreadcrumbList\",\"@id\":\"https:\/\/wellenklaenge.at\/produkt\/dewellenklaenge-poster-wellenenwellenklaenge-poster-waves\/#breadcrumb\",\"itemListElement\":[{\"@type\":\"ListItem\",\"position\":1,\"name\":\"Startseite\",\"item\":\"https:\/\/wellenklaenge.at\/\"},{\"@type\":\"ListItem\",\"position\":2,\"name\":\"Shop\",\"item\":\"https:\/\/wellenklaenge.at\/shop\/\"},{\"@type\":\"ListItem\",\"position\":3,\"name\":\"wellenkl\u00e6nge &#8211; Poster (Wellen)\"}]},{\"@type\":\"WebSite\",\"@id\":\"https:\/\/wellenklaenge.at\/#website\",\"url\":\"https:\/\/wellenklaenge.at\/\",\"name\":\"wellenklaenge\",\"description\":\"Festival f\u00fcr zeitgen\u00f6ssische Str\u00f6mungen\",\"potentialAction\":[{\"@type\":\"SearchAction\",\"target\":{\"@type\":\"EntryPoint\",\"urlTemplate\":\"https:\/\/wellenklaenge.at\/?s={search_term_string}\"},\"query-input\":\"required name=search_term_string\"}],\"inLanguage\":\"en-GB\"}]}<\/script>\n<!-- \/ Yoast SEO plugin. -->","yoast_head_json":{"title":"wellenkl\u00e6nge - Poster (Wellen) - wellenklaenge","robots":{"index":"index","follow":"follow","max-snippet":"max-snippet:-1","max-image-preview":"max-image-preview:large","max-video-preview":"max-video-preview:-1"},"canonical":"https:\/\/wellenklaenge.at\/en\/product\/dewellenklaenge-poster-wellenenwellenklaenge-poster-waves\/","og_locale":"en_GB","og_type":"article","og_title":"wellenkl\u00e6nge - Poster (Wellen) - wellenklaenge","og_description":"&nbsp;  Poster ohne Holzrahmen  Format: A2 (420 x 594mm) Bei Versand innerhalb \u00d6sterreichs kommt ein Porto von \u20ac3.50 dazu.","og_url":"https:\/\/wellenklaenge.at\/en\/product\/dewellenklaenge-poster-wellenenwellenklaenge-poster-waves\/","og_site_name":"wellenklaenge","article_modified_time":"2024-07-18T13:36:53+00:00","og_image":[{"width":600,"height":717,"url":"https:\/\/wellenklaenge.at\/wp-content\/uploads\/2022\/02\/Poster1_ohneRahmen.jpg","type":"image\/jpeg"}],"twitter_card":"summary_large_image","schema":{"@context":"https:\/\/schema.org","@graph":[{"@type":"WebPage","@id":"https:\/\/wellenklaenge.at\/produkt\/dewellenklaenge-poster-wellenenwellenklaenge-poster-waves\/","url":"https:\/\/wellenklaenge.at\/produkt\/dewellenklaenge-poster-wellenenwellenklaenge-poster-waves\/","name":"wellenkl\u00e6nge - Poster (Wellen) - wellenklaenge","isPartOf":{"@id":"https:\/\/wellenklaenge.at\/#website"},"datePublished":"2022-02-21T10:39:14+00:00","dateModified":"2024-07-18T13:36:53+00:00","breadcrumb":{"@id":"https:\/\/wellenklaenge.at\/produkt\/dewellenklaenge-poster-wellenenwellenklaenge-poster-waves\/#breadcrumb"},"inLanguage":"en-GB","potentialAction":[{"@type":"ReadAction","target":["https:\/\/wellenklaenge.at\/produkt\/dewellenklaenge-poster-wellenenwellenklaenge-poster-waves\/"]}]},{"@type":"BreadcrumbList","@id":"https:\/\/wellenklaenge.at\/produkt\/dewellenklaenge-poster-wellenenwellenklaenge-poster-waves\/#breadcrumb","itemListElement":[{"@type":"ListItem","position":1,"name":"Startseite","item":"https:\/\/wellenklaenge.at\/"},{"@type":"ListItem","position":2,"name":"Shop","item":"https:\/\/wellenklaenge.at\/shop\/"},{"@type":"ListItem","position":3,"name":"wellenkl\u00e6nge &#8211; Poster (Wellen)"}]},{"@type":"WebSite","@id":"https:\/\/wellenklaenge.at\/#website","url":"https:\/\/wellenklaenge.at\/","name":"wellenklaenge","description":"Festival f\u00fcr zeitgen\u00f6ssische Str\u00f6mungen","potentialAction":[{"@type":"SearchAction","target":{"@type":"EntryPoint","urlTemplate":"https:\/\/wellenklaenge.at\/?s={search_term_string}"},"query-input":"required name=search_term_string"}],"inLanguage":"en-GB"}]}},"_links":{"self":[{"href":"https:\/\/wellenklaenge.at\/en\/wp-json\/wp\/v2\/product\/3176","targetHints":{"allow":["GET"]}}],"collection":[{"href":"https:\/\/wellenklaenge.at\/en\/wp-json\/wp\/v2\/product"}],"about":[{"href":"https:\/\/wellenklaenge.at\/en\/wp-json\/wp\/v2\/types\/product"}],"wp:featuredmedia":[{"embeddable":true,"href":"https:\/\/wellenklaenge.at\/en\/wp-json\/wp\/v2\/media\/3184"}],"wp:attachment":[{"href":"https:\/\/wellenklaenge.at\/en\/wp-json\/wp\/v2\/media?parent=3176"}],"wp:term":[{"taxonomy":"product_cat","embeddable":true,"href":"https:\/\/wellenklaenge.at\/en\/wp-json\/wp\/v2\/product_cat?post=3176"},{"taxonomy":"product_tag","embeddable":true,"href":"https:\/\/wellenklaenge.at\/en\/wp-json\/wp\/v2\/product_tag?post=3176"}],"curies":[{"name":"wp","href":"https:\/\/api.w.org\/{rel}","templated":true}]}}