{"id":17249,"date":"2026-03-09T15:54:56","date_gmt":"2026-03-09T14:54:56","guid":{"rendered":"https:\/\/wellenklaenge.at\/?post_type=product&#038;p=17249"},"modified":"2026-04-08T15:08:08","modified_gmt":"2026-04-08T13:08:08","slug":"leinen-kappe","status":"publish","type":"product","link":"https:\/\/wellenklaenge.at\/en\/product\/leinen-kappe\/","title":{"rendered":"Wellen-Kapperl"},"content":{"rendered":"","protected":false},"excerpt":{"rendered":"<p><span style=\"font-family: radikal-light;\">in Kooperation mit <a href=\"https:\/\/glein.wien\/produkte\/linen-cap\/\">Glein<\/a><\/span><\/p>\n<p>&nbsp;<\/p>\n<ul>\n<li><span style=\"font-family: radikal-light;\">k\u00fchlend<\/span><\/li>\n<li><span style=\"font-family: radikal-light;\">antibakteriell<\/span><\/li>\n<li><span style=\"font-family: radikal-light;\">ressourcenschonend<\/span><\/li>\n<\/ul>\n<div><span style=\"font-family: radikal-light;\">Oberstoff 100% europ\u00e4isches Leinen<\/span><br aria-hidden=\"true\" \/><span style=\"font-family: radikal-light;\">Futter 100% Bio-Baumwolle<\/span><br \/>\n<span style=\"font-family: radikal-light;\">Handgemacht in Portugal<br \/>\n<\/span><br aria-hidden=\"true\" \/><strong><span style=\"font-family: radikal-light;\">PASSFORM<\/span><\/strong><\/div>\n<ul>\n<li><span style=\"font-family: radikal-light;\">normale Passform<\/span><\/li>\n<li><span style=\"font-family: radikal-light;\">Gr\u00f6\u00dfe anpassbar mittels Strapback<\/span><\/li>\n<\/ul>","protected":false},"featured_media":17250,"template":"","meta":{"inline_featured_image":false},"product_cat":[27],"product_tag":[],"class_list":["post-17249","product","type-product","status-publish","has-post-thumbnail","hentry","product_cat-unkategorisiert","product_shipping_class-versand-kappe"],"yoast_head":"<!-- This site is optimized with the Yoast SEO plugin v20.1 - https:\/\/yoast.com\/wordpress\/plugins\/seo\/ -->\n<title>Wellen-Kapperl - wellenklaenge<\/title>\n<meta name=\"robots\" content=\"index, follow, max-snippet:-1, max-image-preview:large, max-video-preview:-1\" \/>\n<link rel=\"canonical\" href=\"https:\/\/wellenklaenge.at\/en\/product\/leinen-kappe\/\" \/>\n<meta property=\"og:locale\" content=\"en_GB\" \/>\n<meta property=\"og:type\" content=\"article\" \/>\n<meta property=\"og:title\" content=\"Wellen-Kapperl - wellenklaenge\" \/>\n<meta property=\"og:description\" content=\"in Kooperation mit Glein  &nbsp;   k\u00fchlend  antibakteriell  ressourcenschonend  Oberstoff 100% europ\u00e4isches LeinenFutter 100% Bio-Baumwolle Handgemacht in Portugal PASSFORM   normale Passform  Gr\u00f6\u00dfe anpassbar mittels Strapback\" \/>\n<meta property=\"og:url\" content=\"https:\/\/wellenklaenge.at\/en\/product\/leinen-kappe\/\" \/>\n<meta property=\"og:site_name\" content=\"wellenklaenge\" \/>\n<meta property=\"article:modified_time\" content=\"2026-04-08T13:08:08+00:00\" \/>\n<meta property=\"og:image\" content=\"https:\/\/wellenklaenge.at\/wp-content\/uploads\/2026\/03\/4011D587-0285-407C-9E64-27E07C90898C.jpg\" \/>\n\t<meta property=\"og:image:width\" content=\"1080\" \/>\n\t<meta property=\"og:image:height\" content=\"1920\" \/>\n\t<meta property=\"og:image:type\" content=\"image\/jpeg\" \/>\n<meta name=\"twitter:card\" content=\"summary_large_image\" \/>\n<script type=\"application\/ld+json\" class=\"yoast-schema-graph\">{\"@context\":\"https:\/\/schema.org\",\"@graph\":[{\"@type\":\"WebPage\",\"@id\":\"https:\/\/wellenklaenge.at\/produkt\/leinen-kappe\/\",\"url\":\"https:\/\/wellenklaenge.at\/produkt\/leinen-kappe\/\",\"name\":\"Wellen-Kapperl - wellenklaenge\",\"isPartOf\":{\"@id\":\"https:\/\/wellenklaenge.at\/#website\"},\"datePublished\":\"2026-03-09T14:54:56+00:00\",\"dateModified\":\"2026-04-08T13:08:08+00:00\",\"breadcrumb\":{\"@id\":\"https:\/\/wellenklaenge.at\/produkt\/leinen-kappe\/#breadcrumb\"},\"inLanguage\":\"en-GB\",\"potentialAction\":[{\"@type\":\"ReadAction\",\"target\":[\"https:\/\/wellenklaenge.at\/produkt\/leinen-kappe\/\"]}]},{\"@type\":\"BreadcrumbList\",\"@id\":\"https:\/\/wellenklaenge.at\/produkt\/leinen-kappe\/#breadcrumb\",\"itemListElement\":[{\"@type\":\"ListItem\",\"position\":1,\"name\":\"Startseite\",\"item\":\"https:\/\/wellenklaenge.at\/\"},{\"@type\":\"ListItem\",\"position\":2,\"name\":\"Shop\",\"item\":\"https:\/\/wellenklaenge.at\/shop\/\"},{\"@type\":\"ListItem\",\"position\":3,\"name\":\"Wellen-Kapperl\"}]},{\"@type\":\"WebSite\",\"@id\":\"https:\/\/wellenklaenge.at\/#website\",\"url\":\"https:\/\/wellenklaenge.at\/\",\"name\":\"wellenklaenge\",\"description\":\"Festival f\u00fcr zeitgen\u00f6ssische Str\u00f6mungen\",\"potentialAction\":[{\"@type\":\"SearchAction\",\"target\":{\"@type\":\"EntryPoint\",\"urlTemplate\":\"https:\/\/wellenklaenge.at\/?s={search_term_string}\"},\"query-input\":\"required name=search_term_string\"}],\"inLanguage\":\"en-GB\"}]}<\/script>\n<!-- \/ Yoast SEO plugin. -->","yoast_head_json":{"title":"Wellen-Kapperl - wellenklaenge","robots":{"index":"index","follow":"follow","max-snippet":"max-snippet:-1","max-image-preview":"max-image-preview:large","max-video-preview":"max-video-preview:-1"},"canonical":"https:\/\/wellenklaenge.at\/en\/product\/leinen-kappe\/","og_locale":"en_GB","og_type":"article","og_title":"Wellen-Kapperl - wellenklaenge","og_description":"in Kooperation mit Glein  &nbsp;   k\u00fchlend  antibakteriell  ressourcenschonend  Oberstoff 100% europ\u00e4isches LeinenFutter 100% Bio-Baumwolle Handgemacht in Portugal PASSFORM   normale Passform  Gr\u00f6\u00dfe anpassbar mittels Strapback","og_url":"https:\/\/wellenklaenge.at\/en\/product\/leinen-kappe\/","og_site_name":"wellenklaenge","article_modified_time":"2026-04-08T13:08:08+00:00","og_image":[{"width":1080,"height":1920,"url":"https:\/\/wellenklaenge.at\/wp-content\/uploads\/2026\/03\/4011D587-0285-407C-9E64-27E07C90898C.jpg","type":"image\/jpeg"}],"twitter_card":"summary_large_image","schema":{"@context":"https:\/\/schema.org","@graph":[{"@type":"WebPage","@id":"https:\/\/wellenklaenge.at\/produkt\/leinen-kappe\/","url":"https:\/\/wellenklaenge.at\/produkt\/leinen-kappe\/","name":"Wellen-Kapperl - wellenklaenge","isPartOf":{"@id":"https:\/\/wellenklaenge.at\/#website"},"datePublished":"2026-03-09T14:54:56+00:00","dateModified":"2026-04-08T13:08:08+00:00","breadcrumb":{"@id":"https:\/\/wellenklaenge.at\/produkt\/leinen-kappe\/#breadcrumb"},"inLanguage":"en-GB","potentialAction":[{"@type":"ReadAction","target":["https:\/\/wellenklaenge.at\/produkt\/leinen-kappe\/"]}]},{"@type":"BreadcrumbList","@id":"https:\/\/wellenklaenge.at\/produkt\/leinen-kappe\/#breadcrumb","itemListElement":[{"@type":"ListItem","position":1,"name":"Startseite","item":"https:\/\/wellenklaenge.at\/"},{"@type":"ListItem","position":2,"name":"Shop","item":"https:\/\/wellenklaenge.at\/shop\/"},{"@type":"ListItem","position":3,"name":"Wellen-Kapperl"}]},{"@type":"WebSite","@id":"https:\/\/wellenklaenge.at\/#website","url":"https:\/\/wellenklaenge.at\/","name":"wellenklaenge","description":"Festival f\u00fcr zeitgen\u00f6ssische Str\u00f6mungen","potentialAction":[{"@type":"SearchAction","target":{"@type":"EntryPoint","urlTemplate":"https:\/\/wellenklaenge.at\/?s={search_term_string}"},"query-input":"required name=search_term_string"}],"inLanguage":"en-GB"}]}},"_links":{"self":[{"href":"https:\/\/wellenklaenge.at\/en\/wp-json\/wp\/v2\/product\/17249","targetHints":{"allow":["GET"]}}],"collection":[{"href":"https:\/\/wellenklaenge.at\/en\/wp-json\/wp\/v2\/product"}],"about":[{"href":"https:\/\/wellenklaenge.at\/en\/wp-json\/wp\/v2\/types\/product"}],"wp:featuredmedia":[{"embeddable":true,"href":"https:\/\/wellenklaenge.at\/en\/wp-json\/wp\/v2\/media\/17250"}],"wp:attachment":[{"href":"https:\/\/wellenklaenge.at\/en\/wp-json\/wp\/v2\/media?parent=17249"}],"wp:term":[{"taxonomy":"product_cat","embeddable":true,"href":"https:\/\/wellenklaenge.at\/en\/wp-json\/wp\/v2\/product_cat?post=17249"},{"taxonomy":"product_tag","embeddable":true,"href":"https:\/\/wellenklaenge.at\/en\/wp-json\/wp\/v2\/product_tag?post=17249"}],"curies":[{"name":"wp","href":"https:\/\/api.w.org\/{rel}","templated":true}]}}