{"id":10449,"date":"2023-07-20T08:53:16","date_gmt":"2023-07-20T06:53:16","guid":{"rendered":"https:\/\/wellenklaenge.at\/?page_id=10449"},"modified":"2024-03-05T08:57:49","modified_gmt":"2024-03-05T07:57:49","slug":"judith-kohlenberger","status":"publish","type":"page","link":"https:\/\/wellenklaenge.at\/en\/kuenstlerinnen-2024\/judith-kohlenberger\/","title":{"rendered":"Judith Kohlenberger"},"content":{"rendered":"<div data-elementor-type=\"wp-page\" data-elementor-id=\"10449\" class=\"elementor elementor-10449\">\n\t\t\t\t\t\t\t\t\t<section class=\"elementor-section elementor-top-section elementor-element elementor-element-afd0c0f elementor-section-stretched elementor-section-boxed elementor-section-height-default elementor-section-height-default parallax_section_no qode_elementor_container_no qode-content-aligment-left\" data-id=\"afd0c0f\" data-element_type=\"section\" data-settings=\"{&quot;stretch_section&quot;:&quot;section-stretched&quot;}\">\n\t\t\t\t\t\t<div class=\"elementor-container elementor-column-gap-default\">\n\t\t\t\t\t<div class=\"elementor-column elementor-col-100 elementor-top-column elementor-element elementor-element-a718777\" data-id=\"a718777\" data-element_type=\"column\">\n\t\t\t<div class=\"elementor-widget-wrap elementor-element-populated\">\n\t\t\t\t\t\t\t\t<section class=\"elementor-section elementor-inner-section elementor-element elementor-element-588b13b elementor-section-boxed elementor-section-height-default elementor-section-height-default parallax_section_no qode_elementor_container_no qode-content-aligment-left\" data-id=\"588b13b\" data-element_type=\"section\">\n\t\t\t\t\t\t<div class=\"elementor-container elementor-column-gap-default\">\n\t\t\t\t\t<div class=\"elementor-column elementor-col-50 elementor-inner-column elementor-element elementor-element-dcfd1da\" data-id=\"dcfd1da\" data-element_type=\"column\">\n\t\t\t<div class=\"elementor-widget-wrap elementor-element-populated\">\n\t\t\t\t\t\t\t\t<div class=\"elementor-element elementor-element-3cf0b0d elementor-widget elementor-widget-heading\" data-id=\"3cf0b0d\" data-element_type=\"widget\" data-widget_type=\"heading.default\">\n\t\t\t\t<div class=\"elementor-widget-container\">\n\t\t\t<style>\/*! elementor - v3.10.2 - 29-01-2023 *\/\n.elementor-heading-title{padding:0;margin:0;line-height:1}.elementor-widget-heading .elementor-heading-title[class*=elementor-size-]>a{color:inherit;font-size:inherit;line-height:inherit}.elementor-widget-heading .elementor-heading-title.elementor-size-small{font-size:15px}.elementor-widget-heading .elementor-heading-title.elementor-size-medium{font-size:19px}.elementor-widget-heading .elementor-heading-title.elementor-size-large{font-size:29px}.elementor-widget-heading .elementor-heading-title.elementor-size-xl{font-size:39px}.elementor-widget-heading .elementor-heading-title.elementor-size-xxl{font-size:59px}<\/style><h3 class=\"elementor-heading-title elementor-size-default\">Judith Kohlenberger<\/h3>\t\t<\/div>\n\t\t\t\t<\/div>\n\t\t\t\t<div class=\"elementor-element elementor-element-21b8b74 elementor-widget elementor-widget-heading\" data-id=\"21b8b74\" data-element_type=\"widget\" data-widget_type=\"heading.default\">\n\t\t\t\t<div class=\"elementor-widget-container\">\n\t\t\t<h5 class=\"elementor-heading-title elementor-size-default\">Podiumsgespr\u00e4ch \/\/ Das Fluchtparadox<\/h5>\t\t<\/div>\n\t\t\t\t<\/div>\n\t\t\t\t<div class=\"elementor-element elementor-element-8fcb1db elementor-widget elementor-widget-heading\" data-id=\"8fcb1db\" data-element_type=\"widget\" data-widget_type=\"heading.default\">\n\t\t\t\t<div class=\"elementor-widget-container\">\n\t\t\t<h5 class=\"elementor-heading-title elementor-size-default\">Sa, 20.07.2024, 19.00 Uhr <br>\n<span style=\"font-size: 14px\"> Seeb\u00fchne*<\/span><\/h5>\t\t<\/div>\n\t\t\t\t<\/div>\n\t\t\t\t\t<\/div>\n\t\t<\/div>\n\t\t\t\t<div class=\"elementor-column elementor-col-50 elementor-inner-column elementor-element elementor-element-492db38\" data-id=\"492db38\" data-element_type=\"column\">\n\t\t\t<div class=\"elementor-widget-wrap elementor-element-populated\">\n\t\t\t\t\t\t\t\t<div class=\"elementor-element elementor-element-b9d5f2f elementor-align-right elementor-widget__width-auto elementor-mobile-align-right elementor-widget elementor-widget-button\" data-id=\"b9d5f2f\" data-element_type=\"widget\" data-widget_type=\"button.default\">\n\t\t\t\t<div class=\"elementor-widget-container\">\n\t\t\t\t\t<div class=\"elementor-button-wrapper\">\n\t\t\t<a href=\"https:\/\/www.oeticket.com\/noapp\/event\/wellenklaenge-2024-podiumsgespraech-abendkonzert-basma-jabr-seebuehne-18319475\/\" target=\"_blank\" class=\"elementor-button-link elementor-button elementor-size-sm\" role=\"button\">\n\t\t\t\t\t\t<span class=\"elementor-button-content-wrapper\">\n\t\t\t\t\t\t<span class=\"elementor-button-text\">Buy tickets<\/span>\n\t\t<\/span>\n\t\t\t\t\t<\/a>\n\t\t<\/div>\n\t\t\t\t<\/div>\n\t\t\t\t<\/div>\n\t\t\t\t\t<\/div>\n\t\t<\/div>\n\t\t\t\t\t\t\t<\/div>\n\t\t<\/section>\n\t\t\t\t<section class=\"elementor-section elementor-inner-section elementor-element elementor-element-9ce6e00 elementor-section-boxed elementor-section-height-default elementor-section-height-default parallax_section_no qode_elementor_container_no qode-content-aligment-left\" data-id=\"9ce6e00\" data-element_type=\"section\">\n\t\t\t\t\t\t<div class=\"elementor-container elementor-column-gap-default\">\n\t\t\t\t\t<div class=\"elementor-column elementor-col-50 elementor-inner-column elementor-element elementor-element-3386fac\" data-id=\"3386fac\" data-element_type=\"column\">\n\t\t\t<div class=\"elementor-widget-wrap elementor-element-populated\">\n\t\t\t\t\t\t\t\t<div class=\"elementor-element elementor-element-a8d5d32 elementor-widget elementor-widget-image\" data-id=\"a8d5d32\" data-element_type=\"widget\" data-widget_type=\"image.default\">\n\t\t\t\t<div class=\"elementor-widget-container\">\n\t\t\t<style>\/*! elementor - v3.10.2 - 29-01-2023 *\/\n.elementor-widget-image{text-align:center}.elementor-widget-image a{display:inline-block}.elementor-widget-image a img[src$=\".svg\"]{width:48px}.elementor-widget-image img{vertical-align:middle;display:inline-block}<\/style>\t\t\t\t\t\t\t\t\t<figure class=\"wp-caption\">\n\t\t\t\t\t\t\t\t\t\t\t<a href=\"https:\/\/wellenklaenge.at\/wp-content\/uploads\/2024\/02\/Judith-Kohlenberger.jpg\" data-elementor-open-lightbox=\"yes\" data-elementor-lightbox-title=\"Judith Kohlenberger\" e-action-hash=\"#elementor-action%3Aaction%3Dlightbox%26settings%3DeyJpZCI6MTA3NDIsInVybCI6Imh0dHBzOlwvXC93ZWxsZW5rbGFlbmdlLmF0XC93cC1jb250ZW50XC91cGxvYWRzXC8yMDI0XC8wMlwvSnVkaXRoLUtvaGxlbmJlcmdlci5qcGcifQ%3D%3D\">\n\t\t\t\t\t\t\t<img decoding=\"async\" width=\"1400\" height=\"787\" src=\"https:\/\/wellenklaenge.at\/wp-content\/uploads\/2024\/02\/Judith-Kohlenberger.jpg\" class=\"attachment-full size-full wp-image-10742\" alt=\"Judith Kohlenberger\" srcset=\"https:\/\/wellenklaenge.at\/wp-content\/uploads\/2024\/02\/Judith-Kohlenberger.jpg 1400w, https:\/\/wellenklaenge.at\/wp-content\/uploads\/2024\/02\/Judith-Kohlenberger-300x169.jpg 300w, https:\/\/wellenklaenge.at\/wp-content\/uploads\/2024\/02\/Judith-Kohlenberger-1024x576.jpg 1024w, https:\/\/wellenklaenge.at\/wp-content\/uploads\/2024\/02\/Judith-Kohlenberger-768x432.jpg 768w, https:\/\/wellenklaenge.at\/wp-content\/uploads\/2024\/02\/Judith-Kohlenberger-18x10.jpg 18w, https:\/\/wellenklaenge.at\/wp-content\/uploads\/2024\/02\/Judith-Kohlenberger-700x394.jpg 700w, https:\/\/wellenklaenge.at\/wp-content\/uploads\/2024\/02\/Judith-Kohlenberger-1100x618.jpg 1100w, https:\/\/wellenklaenge.at\/wp-content\/uploads\/2024\/02\/Judith-Kohlenberger-600x337.jpg 600w\" sizes=\"(max-width: 1400px) 100vw, 1400px\" \/>\t\t\t\t\t\t\t\t<\/a>\n\t\t\t\t\t\t\t\t\t\t\t<figcaption class=\"widget-image-caption wp-caption-text\">Foto: Elodie Grethen<\/figcaption>\n\t\t\t\t\t\t\t\t\t\t<\/figure>\n\t\t\t\t\t\t\t\t\t<\/div>\n\t\t\t\t<\/div>\n\t\t\t\t<div class=\"elementor-element elementor-element-27bf93e elementor-widget elementor-widget-text-editor\" data-id=\"27bf93e\" data-element_type=\"widget\" data-widget_type=\"text-editor.default\">\n\t\t\t\t<div class=\"elementor-widget-container\">\n\t\t\t<style>\/*! elementor - v3.10.2 - 29-01-2023 *\/\n.elementor-widget-text-editor.elementor-drop-cap-view-stacked .elementor-drop-cap{background-color:#818a91;color:#fff}.elementor-widget-text-editor.elementor-drop-cap-view-framed .elementor-drop-cap{color:#818a91;border:3px solid;background-color:transparent}.elementor-widget-text-editor:not(.elementor-drop-cap-view-default) .elementor-drop-cap{margin-top:8px}.elementor-widget-text-editor:not(.elementor-drop-cap-view-default) .elementor-drop-cap-letter{width:1em;height:1em}.elementor-widget-text-editor .elementor-drop-cap{float:left;text-align:center;line-height:1;font-size:50px}.elementor-widget-text-editor .elementor-drop-cap-letter{display:inline-block}<\/style>\t\t\t\t<p><a href=\"https:\/\/judithkohlenberger.com\/\" target=\"_blank\" rel=\"noopener\"><span style=\"font-family: radikal-light;\">www.judithkohlenberger.com<\/span><\/a><\/p>\t\t\t\t\t\t<\/div>\n\t\t\t\t<\/div>\n\t\t\t\t\t<\/div>\n\t\t<\/div>\n\t\t\t\t<div class=\"elementor-column elementor-col-50 elementor-inner-column elementor-element elementor-element-fe100c0\" data-id=\"fe100c0\" data-element_type=\"column\">\n\t\t\t<div class=\"elementor-widget-wrap elementor-element-populated\">\n\t\t\t\t\t\t\t\t<div class=\"elementor-element elementor-element-0572081 elementor-widget elementor-widget-text-editor\" data-id=\"0572081\" data-element_type=\"widget\" data-widget_type=\"text-editor.default\">\n\t\t\t\t<div class=\"elementor-widget-container\">\n\t\t\t\t\t\t\t<p><span style=\"font-family: radikal-light;\">Menschen, die aus ihrer Heimat fl\u00fcchten m\u00fcssen, sind vielfach mit Widerspr\u00fcchen konfrontiert: Sie wollen bleiben, m\u00fcssen aber weg. Sie suchen nach Sicherheit, m\u00fcssen aber daf\u00fcr ihr Leben aufs Spiel setzen. Sie m\u00fcssen Recht brechen, n\u00e4mlich &#8222;illegal&#8220; Grenzen passieren, um zu ihrem Recht auf Asyl zu kommen. Nur um dann im Aufnahmeland abermals mit widerspr\u00fcchlichen Anforderungen konfrontiert zu werden. Judith Kohlenberger ist Fluchtforscherin und besch\u00e4ftigt sich seit vielen Jahren mit Vertreibung und Vertriebenen. Sie erkl\u00e4rt historische und rezente Entwicklungen aus rechtlicher, gesellschaftlicher und individueller Perspektive. Zudem liefert sie eine detaillierte Analyse unseres Umgangs mit gefl\u00fcchteten Menschen und zeigt, wie wir zu einer menschlichen Asyl- und Integrationspolitik kommen, wenn wir unsere moralische Verantwortung wahrnehmen. Oder anders gesagt: Wenn wir auf die St\u00e4rke unserer Institutionen, unseres Rechtsstaats und unserer Zivilgesellschaft vertrauen.<\/span><\/p>\t\t\t\t\t\t<\/div>\n\t\t\t\t<\/div>\n\t\t\t\t\t<\/div>\n\t\t<\/div>\n\t\t\t\t\t\t\t<\/div>\n\t\t<\/section>\n\t\t\t\t<section class=\"elementor-section elementor-inner-section elementor-element elementor-element-6edf79e elementor-section-boxed elementor-section-height-default elementor-section-height-default parallax_section_no qode_elementor_container_no qode-content-aligment-left\" data-id=\"6edf79e\" data-element_type=\"section\">\n\t\t\t\t\t\t<div class=\"elementor-container elementor-column-gap-default\">\n\t\t\t\t\t<div class=\"elementor-column elementor-col-50 elementor-inner-column elementor-element elementor-element-fb84dab\" data-id=\"fb84dab\" data-element_type=\"column\">\n\t\t\t<div class=\"elementor-widget-wrap elementor-element-populated\">\n\t\t\t\t\t\t\t\t<div class=\"elementor-element elementor-element-e2aaf6e elementor-widget elementor-widget-text-editor\" data-id=\"e2aaf6e\" data-element_type=\"widget\" data-widget_type=\"text-editor.default\">\n\t\t\t\t<div class=\"elementor-widget-container\">\n\t\t\t\t\t\t\t<p><span style=\"font-size: 10pt; font-family: garaline-italic;\">* Alternative venue in case of uncertain weather conditions: Lunzer Saal<\/span><\/p>\t\t\t\t\t\t<\/div>\n\t\t\t\t<\/div>\n\t\t\t\t\t<\/div>\n\t\t<\/div>\n\t\t\t\t<div class=\"elementor-column elementor-col-50 elementor-inner-column elementor-element elementor-element-33e9a65\" data-id=\"33e9a65\" data-element_type=\"column\">\n\t\t\t<div class=\"elementor-widget-wrap\">\n\t\t\t\t\t\t\t\t\t<\/div>\n\t\t<\/div>\n\t\t\t\t\t\t\t<\/div>\n\t\t<\/section>\n\t\t\t\t\t<\/div>\n\t\t<\/div>\n\t\t\t\t\t\t\t<\/div>\n\t\t<\/section>\n\t\t\t\t<section class=\"elementor-section elementor-top-section elementor-element elementor-element-b15353f elementor-section-full_width elementor-section-stretched elementor-section-height-default elementor-section-height-default parallax_section_no qode_elementor_container_no qode-content-aligment-left\" data-id=\"b15353f\" data-element_type=\"section\" data-settings=\"{&quot;stretch_section&quot;:&quot;section-stretched&quot;}\">\n\t\t\t\t\t\t<div class=\"elementor-container elementor-column-gap-default\">\n\t\t\t\t\t<div class=\"elementor-column elementor-col-100 elementor-top-column elementor-element elementor-element-cb3b8d3\" data-id=\"cb3b8d3\" data-element_type=\"column\">\n\t\t\t<div class=\"elementor-widget-wrap elementor-element-populated\">\n\t\t\t\t\t\t\t\t<div class=\"elementor-element elementor-element-9bbf47c elementor-widget-divider--separator-type-pattern elementor-widget-divider--view-line elementor-widget elementor-widget-divider\" data-id=\"9bbf47c\" data-element_type=\"widget\" data-widget_type=\"divider.default\">\n\t\t\t\t<div class=\"elementor-widget-container\">\n\t\t\t<style>\/*! elementor - v3.10.2 - 29-01-2023 *\/\n.elementor-widget-divider{--divider-border-style:none;--divider-border-width:1px;--divider-color:#2c2c2c;--divider-icon-size:20px;--divider-element-spacing:10px;--divider-pattern-height:24px;--divider-pattern-size:20px;--divider-pattern-url:none;--divider-pattern-repeat:repeat-x}.elementor-widget-divider .elementor-divider{display:flex}.elementor-widget-divider .elementor-divider__text{font-size:15px;line-height:1;max-width:95%}.elementor-widget-divider .elementor-divider__element{margin:0 var(--divider-element-spacing);flex-shrink:0}.elementor-widget-divider .elementor-icon{font-size:var(--divider-icon-size)}.elementor-widget-divider .elementor-divider-separator{display:flex;margin:0;direction:ltr}.elementor-widget-divider--view-line_icon .elementor-divider-separator,.elementor-widget-divider--view-line_text .elementor-divider-separator{align-items:center}.elementor-widget-divider--view-line_icon .elementor-divider-separator:after,.elementor-widget-divider--view-line_icon .elementor-divider-separator:before,.elementor-widget-divider--view-line_text .elementor-divider-separator:after,.elementor-widget-divider--view-line_text .elementor-divider-separator:before{display:block;content:\"\";border-bottom:0;flex-grow:1;border-top:var(--divider-border-width) var(--divider-border-style) var(--divider-color)}.elementor-widget-divider--element-align-left .elementor-divider .elementor-divider-separator>.elementor-divider__svg:first-of-type{flex-grow:0;flex-shrink:100}.elementor-widget-divider--element-align-left .elementor-divider-separator:before{content:none}.elementor-widget-divider--element-align-left .elementor-divider__element{margin-left:0}.elementor-widget-divider--element-align-right .elementor-divider .elementor-divider-separator>.elementor-divider__svg:last-of-type{flex-grow:0;flex-shrink:100}.elementor-widget-divider--element-align-right .elementor-divider-separator:after{content:none}.elementor-widget-divider--element-align-right .elementor-divider__element{margin-right:0}.elementor-widget-divider:not(.elementor-widget-divider--view-line_text):not(.elementor-widget-divider--view-line_icon) .elementor-divider-separator{border-top:var(--divider-border-width) var(--divider-border-style) var(--divider-color)}.elementor-widget-divider--separator-type-pattern{--divider-border-style:none}.elementor-widget-divider--separator-type-pattern.elementor-widget-divider--view-line .elementor-divider-separator,.elementor-widget-divider--separator-type-pattern:not(.elementor-widget-divider--view-line) .elementor-divider-separator:after,.elementor-widget-divider--separator-type-pattern:not(.elementor-widget-divider--view-line) .elementor-divider-separator:before,.elementor-widget-divider--separator-type-pattern:not([class*=elementor-widget-divider--view]) .elementor-divider-separator{width:100%;min-height:var(--divider-pattern-height);-webkit-mask-size:var(--divider-pattern-size) 100%;mask-size:var(--divider-pattern-size) 100%;-webkit-mask-repeat:var(--divider-pattern-repeat);mask-repeat:var(--divider-pattern-repeat);background-color:var(--divider-color);-webkit-mask-image:var(--divider-pattern-url);mask-image:var(--divider-pattern-url)}.elementor-widget-divider--no-spacing{--divider-pattern-size:auto}.elementor-widget-divider--bg-round{--divider-pattern-repeat:round}.rtl .elementor-widget-divider .elementor-divider__text{direction:rtl}.e-con-inner>.elementor-widget-divider,.e-con>.elementor-widget-divider{width:var(--container-widget-width);--flex-grow:var(--container-widget-flex-grow)}<\/style>\t\t<div class=\"elementor-divider\" style=\"--divider-pattern-url: url(&quot;data:image\/svg+xml,%3Csvg xmlns=&#039;http:\/\/www.w3.org\/2000\/svg&#039; preserveAspectRatio=&#039;none&#039; overflow=&#039;visible&#039; height=&#039;100%&#039; viewBox=&#039;0 0 24 24&#039; fill=&#039;none&#039; stroke=&#039;black&#039; stroke-width=&#039;1&#039; stroke-linecap=&#039;square&#039; stroke-miterlimit=&#039;10&#039;%3E%3Cpath d=&#039;M0,6c6,0,0.9,11.1,6.9,11.1S18,6,24,6&#039;\/%3E%3C\/svg%3E&quot;);\">\n\t\t\t<span class=\"elementor-divider-separator\">\n\t\t\t\t\t\t<\/span>\n\t\t<\/div>\n\t\t\t\t<\/div>\n\t\t\t\t<\/div>\n\t\t\t\t\t<\/div>\n\t\t<\/div>\n\t\t\t\t\t\t\t<\/div>\n\t\t<\/section>\n\t\t\t\t\t\t\t<\/div>","protected":false},"excerpt":{"rendered":"<p>Judith Kohlenberger Podiumsgespr\u00e4ch \/\/ Das Fluchtparadox Sa, 20.07.2024, 19.00 Uhr Seeb\u00fchne* Karten kaufen Foto: Elodie Grethen www.judithkohlenberger.com Menschen, die aus ihrer Heimat fl\u00fcchten m\u00fcssen, sind vielfach mit Widerspr\u00fcchen konfrontiert: Sie wollen bleiben, m\u00fcssen aber weg. Sie suchen nach Sicherheit, m\u00fcssen aber daf\u00fcr ihr Leben aufs&#8230;<\/p>","protected":false},"author":1,"featured_media":10742,"parent":10428,"menu_order":0,"comment_status":"closed","ping_status":"closed","template":"","meta":{"inline_featured_image":false,"footnotes":""},"folder":[58],"class_list":["post-10449","page","type-page","status-publish","has-post-thumbnail","hentry"],"yoast_head":"<!-- This site is optimized with the Yoast SEO plugin v20.1 - https:\/\/yoast.com\/wordpress\/plugins\/seo\/ -->\n<title>Judith Kohlenberger - wellenklaenge<\/title>\n<meta name=\"robots\" content=\"index, follow, max-snippet:-1, max-image-preview:large, max-video-preview:-1\" \/>\n<link rel=\"canonical\" href=\"https:\/\/wellenklaenge.at\/en\/kuenstlerinnen-2024\/judith-kohlenberger\/\" \/>\n<meta property=\"og:locale\" content=\"en_GB\" \/>\n<meta property=\"og:type\" content=\"article\" \/>\n<meta property=\"og:title\" content=\"Judith Kohlenberger - wellenklaenge\" \/>\n<meta property=\"og:description\" content=\"Judith Kohlenberger Podiumsgespr\u00e4ch \/\/ Das Fluchtparadox Sa, 20.07.2024, 19.00 Uhr Seeb\u00fchne* Karten kaufen Foto: Elodie Grethen www.judithkohlenberger.com Menschen, die aus ihrer Heimat fl\u00fcchten m\u00fcssen, sind vielfach mit Widerspr\u00fcchen konfrontiert: Sie wollen bleiben, m\u00fcssen aber weg. Sie suchen nach Sicherheit, m\u00fcssen aber daf\u00fcr ihr Leben aufs...\" \/>\n<meta property=\"og:url\" content=\"https:\/\/wellenklaenge.at\/en\/kuenstlerinnen-2024\/judith-kohlenberger\/\" \/>\n<meta property=\"og:site_name\" content=\"wellenklaenge\" \/>\n<meta property=\"article:modified_time\" content=\"2024-03-05T07:57:49+00:00\" \/>\n<meta property=\"og:image\" content=\"https:\/\/wellenklaenge.at\/wp-content\/uploads\/2024\/02\/Judith-Kohlenberger.jpg\" \/>\n\t<meta property=\"og:image:width\" content=\"1400\" \/>\n\t<meta property=\"og:image:height\" content=\"787\" \/>\n\t<meta property=\"og:image:type\" content=\"image\/jpeg\" \/>\n<meta name=\"twitter:card\" content=\"summary_large_image\" \/>\n<meta name=\"twitter:label1\" content=\"Estimated reading time\" \/>\n\t<meta name=\"twitter:data1\" content=\"2 minutes\" \/>\n<script type=\"application\/ld+json\" class=\"yoast-schema-graph\">{\"@context\":\"https:\/\/schema.org\",\"@graph\":[{\"@type\":\"WebPage\",\"@id\":\"https:\/\/wellenklaenge.at\/kuenstlerinnen-2024\/judith-kohlenberger\/\",\"url\":\"https:\/\/wellenklaenge.at\/kuenstlerinnen-2024\/judith-kohlenberger\/\",\"name\":\"Judith Kohlenberger - wellenklaenge\",\"isPartOf\":{\"@id\":\"https:\/\/wellenklaenge.at\/#website\"},\"datePublished\":\"2023-07-20T06:53:16+00:00\",\"dateModified\":\"2024-03-05T07:57:49+00:00\",\"breadcrumb\":{\"@id\":\"https:\/\/wellenklaenge.at\/kuenstlerinnen-2024\/judith-kohlenberger\/#breadcrumb\"},\"inLanguage\":\"en-GB\",\"potentialAction\":[{\"@type\":\"ReadAction\",\"target\":[\"https:\/\/wellenklaenge.at\/kuenstlerinnen-2024\/judith-kohlenberger\/\"]}]},{\"@type\":\"BreadcrumbList\",\"@id\":\"https:\/\/wellenklaenge.at\/kuenstlerinnen-2024\/judith-kohlenberger\/#breadcrumb\",\"itemListElement\":[{\"@type\":\"ListItem\",\"position\":1,\"name\":\"Startseite\",\"item\":\"https:\/\/wellenklaenge.at\/\"},{\"@type\":\"ListItem\",\"position\":2,\"name\":\"K\u00fcnstlerinnen 2024\",\"item\":\"https:\/\/wellenklaenge.at\/kuenstlerinnen-2024\/\"},{\"@type\":\"ListItem\",\"position\":3,\"name\":\"Judith Kohlenberger\"}]},{\"@type\":\"WebSite\",\"@id\":\"https:\/\/wellenklaenge.at\/#website\",\"url\":\"https:\/\/wellenklaenge.at\/\",\"name\":\"wellenklaenge\",\"description\":\"Festival f\u00fcr zeitgen\u00f6ssische Str\u00f6mungen\",\"potentialAction\":[{\"@type\":\"SearchAction\",\"target\":{\"@type\":\"EntryPoint\",\"urlTemplate\":\"https:\/\/wellenklaenge.at\/?s={search_term_string}\"},\"query-input\":\"required name=search_term_string\"}],\"inLanguage\":\"en-GB\"}]}<\/script>\n<!-- \/ Yoast SEO plugin. -->","yoast_head_json":{"title":"Judith Kohlenberger - wellenklaenge","robots":{"index":"index","follow":"follow","max-snippet":"max-snippet:-1","max-image-preview":"max-image-preview:large","max-video-preview":"max-video-preview:-1"},"canonical":"https:\/\/wellenklaenge.at\/en\/kuenstlerinnen-2024\/judith-kohlenberger\/","og_locale":"en_GB","og_type":"article","og_title":"Judith Kohlenberger - wellenklaenge","og_description":"Judith Kohlenberger Podiumsgespr\u00e4ch \/\/ Das Fluchtparadox Sa, 20.07.2024, 19.00 Uhr Seeb\u00fchne* Karten kaufen Foto: Elodie Grethen www.judithkohlenberger.com Menschen, die aus ihrer Heimat fl\u00fcchten m\u00fcssen, sind vielfach mit Widerspr\u00fcchen konfrontiert: Sie wollen bleiben, m\u00fcssen aber weg. Sie suchen nach Sicherheit, m\u00fcssen aber daf\u00fcr ihr Leben aufs...","og_url":"https:\/\/wellenklaenge.at\/en\/kuenstlerinnen-2024\/judith-kohlenberger\/","og_site_name":"wellenklaenge","article_modified_time":"2024-03-05T07:57:49+00:00","og_image":[{"width":1400,"height":787,"url":"https:\/\/wellenklaenge.at\/wp-content\/uploads\/2024\/02\/Judith-Kohlenberger.jpg","type":"image\/jpeg"}],"twitter_card":"summary_large_image","twitter_misc":{"Estimated reading time":"2 minutes"},"schema":{"@context":"https:\/\/schema.org","@graph":[{"@type":"WebPage","@id":"https:\/\/wellenklaenge.at\/kuenstlerinnen-2024\/judith-kohlenberger\/","url":"https:\/\/wellenklaenge.at\/kuenstlerinnen-2024\/judith-kohlenberger\/","name":"Judith Kohlenberger - wellenklaenge","isPartOf":{"@id":"https:\/\/wellenklaenge.at\/#website"},"datePublished":"2023-07-20T06:53:16+00:00","dateModified":"2024-03-05T07:57:49+00:00","breadcrumb":{"@id":"https:\/\/wellenklaenge.at\/kuenstlerinnen-2024\/judith-kohlenberger\/#breadcrumb"},"inLanguage":"en-GB","potentialAction":[{"@type":"ReadAction","target":["https:\/\/wellenklaenge.at\/kuenstlerinnen-2024\/judith-kohlenberger\/"]}]},{"@type":"BreadcrumbList","@id":"https:\/\/wellenklaenge.at\/kuenstlerinnen-2024\/judith-kohlenberger\/#breadcrumb","itemListElement":[{"@type":"ListItem","position":1,"name":"Startseite","item":"https:\/\/wellenklaenge.at\/"},{"@type":"ListItem","position":2,"name":"K\u00fcnstlerinnen 2024","item":"https:\/\/wellenklaenge.at\/kuenstlerinnen-2024\/"},{"@type":"ListItem","position":3,"name":"Judith Kohlenberger"}]},{"@type":"WebSite","@id":"https:\/\/wellenklaenge.at\/#website","url":"https:\/\/wellenklaenge.at\/","name":"wellenklaenge","description":"Festival f\u00fcr zeitgen\u00f6ssische Str\u00f6mungen","potentialAction":[{"@type":"SearchAction","target":{"@type":"EntryPoint","urlTemplate":"https:\/\/wellenklaenge.at\/?s={search_term_string}"},"query-input":"required name=search_term_string"}],"inLanguage":"en-GB"}]}},"_links":{"self":[{"href":"https:\/\/wellenklaenge.at\/en\/wp-json\/wp\/v2\/pages\/10449","targetHints":{"allow":["GET"]}}],"collection":[{"href":"https:\/\/wellenklaenge.at\/en\/wp-json\/wp\/v2\/pages"}],"about":[{"href":"https:\/\/wellenklaenge.at\/en\/wp-json\/wp\/v2\/types\/page"}],"author":[{"embeddable":true,"href":"https:\/\/wellenklaenge.at\/en\/wp-json\/wp\/v2\/users\/1"}],"replies":[{"embeddable":true,"href":"https:\/\/wellenklaenge.at\/en\/wp-json\/wp\/v2\/comments?post=10449"}],"version-history":[{"count":10,"href":"https:\/\/wellenklaenge.at\/en\/wp-json\/wp\/v2\/pages\/10449\/revisions"}],"predecessor-version":[{"id":11236,"href":"https:\/\/wellenklaenge.at\/en\/wp-json\/wp\/v2\/pages\/10449\/revisions\/11236"}],"up":[{"embeddable":true,"href":"https:\/\/wellenklaenge.at\/en\/wp-json\/wp\/v2\/pages\/10428"}],"wp:featuredmedia":[{"embeddable":true,"href":"https:\/\/wellenklaenge.at\/en\/wp-json\/wp\/v2\/media\/10742"}],"wp:attachment":[{"href":"https:\/\/wellenklaenge.at\/en\/wp-json\/wp\/v2\/media?parent=10449"}],"wp:term":[{"taxonomy":"folder","embeddable":true,"href":"https:\/\/wellenklaenge.at\/en\/wp-json\/wp\/v2\/folder?post=10449"}],"curies":[{"name":"wp","href":"https:\/\/api.w.org\/{rel}","templated":true}]}}