{"id":1152,"date":"2022-02-13T07:54:44","date_gmt":"2022-02-13T06:54:44","guid":{"rendered":"https:\/\/wellenklaenge.at\/?page_id=1152"},"modified":"2024-05-12T18:43:17","modified_gmt":"2024-05-12T16:43:17","slug":"anfahrtunterkuenfte","status":"publish","type":"page","link":"http:\/\/wellenklaenge.at\/en\/anfahrtunterkuenfte\/","title":{"rendered":"Anfahrt&#038;Unterk\u00fcnfte"},"content":{"rendered":"<div data-elementor-type=\"wp-page\" data-elementor-id=\"1152\" class=\"elementor elementor-1152\">\n\t\t\t\t\t\t\t\t\t<section class=\"elementor-section elementor-top-section elementor-element elementor-element-192e1c0 elementor-section-full_width parallax_section_holder elementor-section-height-default elementor-section-height-default qode_elementor_container_no qode-content-aligment-left\" data-id=\"192e1c0\" data-element_type=\"section\" data-settings=\"{&quot;background_background&quot;:&quot;classic&quot;,&quot;qode_parallax_image&quot;:{&quot;url&quot;:&quot;&quot;,&quot;id&quot;:&quot;&quot;}}\">\n\t\t\t\t\t\t<div class=\"elementor-container elementor-column-gap-default\">\n\t\t\t\t\t<div class=\"elementor-column elementor-col-100 elementor-top-column elementor-element elementor-element-c4f4640\" data-id=\"c4f4640\" data-element_type=\"column\">\n\t\t\t<div class=\"elementor-widget-wrap elementor-element-populated\">\n\t\t\t\t\t\t\t\t<div class=\"elementor-element elementor-element-86a1382 elementor-widget elementor-widget-google_maps\" data-id=\"86a1382\" data-element_type=\"widget\" data-widget_type=\"google_maps.default\">\n\t\t\t\t<div class=\"elementor-widget-container\">\n\t\t\t<style>\/*! elementor - v3.10.2 - 29-01-2023 *\/\n.elementor-widget-google_maps .elementor-widget-container{overflow:hidden}.elementor-widget-google_maps iframe{height:300px}<\/style>\t\t<div class=\"elementor-custom-embed\">\n\t\t\t<iframe loading=\"lazy\"\n\t\t\t\t\tsrc=\"https:\/\/maps.google.com\/maps?q=Seestra%C3%9Fe%2028%2C%203293%20Lunz%20am%20See&#038;t=m&#038;z=12&#038;output=embed&#038;iwloc=near\"\n\t\t\t\t\ttitle=\"Seestra\u00dfe 28, 3293 Lunz am See\"\n\t\t\t\t\taria-label=\"Seestra\u00dfe 28, 3293 Lunz am See\"\n\t\t\t><\/iframe>\n\t\t<\/div>\n\t\t\t\t<\/div>\n\t\t\t\t<\/div>\n\t\t\t\t\t<\/div>\n\t\t<\/div>\n\t\t\t\t\t\t\t<\/div>\n\t\t<\/section>\n\t\t\t\t<section class=\"elementor-section elementor-top-section elementor-element elementor-element-76e2b58a elementor-section-full_width elementor-section-height-default elementor-section-height-default parallax_section_no qode_elementor_container_no qode-content-aligment-left\" data-id=\"76e2b58a\" data-element_type=\"section\">\n\t\t\t\t\t\t<div class=\"elementor-container elementor-column-gap-default\">\n\t\t\t\t\t<div class=\"elementor-column elementor-col-100 elementor-top-column elementor-element elementor-element-0fa7473\" data-id=\"0fa7473\" data-element_type=\"column\">\n\t\t\t<div class=\"elementor-widget-wrap elementor-element-populated\">\n\t\t\t\t\t\t\t\t<div class=\"elementor-element elementor-element-ecf37c1 elementor-widget-divider--view-line elementor-widget elementor-widget-divider\" data-id=\"ecf37c1\" data-element_type=\"widget\" data-widget_type=\"divider.default\">\n\t\t\t\t<div class=\"elementor-widget-container\">\n\t\t\t<style>\/*! elementor - v3.10.2 - 29-01-2023 *\/\n.elementor-widget-divider{--divider-border-style:none;--divider-border-width:1px;--divider-color:#2c2c2c;--divider-icon-size:20px;--divider-element-spacing:10px;--divider-pattern-height:24px;--divider-pattern-size:20px;--divider-pattern-url:none;--divider-pattern-repeat:repeat-x}.elementor-widget-divider .elementor-divider{display:flex}.elementor-widget-divider .elementor-divider__text{font-size:15px;line-height:1;max-width:95%}.elementor-widget-divider .elementor-divider__element{margin:0 var(--divider-element-spacing);flex-shrink:0}.elementor-widget-divider .elementor-icon{font-size:var(--divider-icon-size)}.elementor-widget-divider .elementor-divider-separator{display:flex;margin:0;direction:ltr}.elementor-widget-divider--view-line_icon .elementor-divider-separator,.elementor-widget-divider--view-line_text .elementor-divider-separator{align-items:center}.elementor-widget-divider--view-line_icon .elementor-divider-separator:after,.elementor-widget-divider--view-line_icon .elementor-divider-separator:before,.elementor-widget-divider--view-line_text .elementor-divider-separator:after,.elementor-widget-divider--view-line_text .elementor-divider-separator:before{display:block;content:\"\";border-bottom:0;flex-grow:1;border-top:var(--divider-border-width) var(--divider-border-style) var(--divider-color)}.elementor-widget-divider--element-align-left .elementor-divider .elementor-divider-separator>.elementor-divider__svg:first-of-type{flex-grow:0;flex-shrink:100}.elementor-widget-divider--element-align-left .elementor-divider-separator:before{content:none}.elementor-widget-divider--element-align-left .elementor-divider__element{margin-left:0}.elementor-widget-divider--element-align-right .elementor-divider .elementor-divider-separator>.elementor-divider__svg:last-of-type{flex-grow:0;flex-shrink:100}.elementor-widget-divider--element-align-right .elementor-divider-separator:after{content:none}.elementor-widget-divider--element-align-right .elementor-divider__element{margin-right:0}.elementor-widget-divider:not(.elementor-widget-divider--view-line_text):not(.elementor-widget-divider--view-line_icon) .elementor-divider-separator{border-top:var(--divider-border-width) var(--divider-border-style) var(--divider-color)}.elementor-widget-divider--separator-type-pattern{--divider-border-style:none}.elementor-widget-divider--separator-type-pattern.elementor-widget-divider--view-line .elementor-divider-separator,.elementor-widget-divider--separator-type-pattern:not(.elementor-widget-divider--view-line) .elementor-divider-separator:after,.elementor-widget-divider--separator-type-pattern:not(.elementor-widget-divider--view-line) .elementor-divider-separator:before,.elementor-widget-divider--separator-type-pattern:not([class*=elementor-widget-divider--view]) .elementor-divider-separator{width:100%;min-height:var(--divider-pattern-height);-webkit-mask-size:var(--divider-pattern-size) 100%;mask-size:var(--divider-pattern-size) 100%;-webkit-mask-repeat:var(--divider-pattern-repeat);mask-repeat:var(--divider-pattern-repeat);background-color:var(--divider-color);-webkit-mask-image:var(--divider-pattern-url);mask-image:var(--divider-pattern-url)}.elementor-widget-divider--no-spacing{--divider-pattern-size:auto}.elementor-widget-divider--bg-round{--divider-pattern-repeat:round}.rtl .elementor-widget-divider .elementor-divider__text{direction:rtl}.e-con-inner>.elementor-widget-divider,.e-con>.elementor-widget-divider{width:var(--container-widget-width);--flex-grow:var(--container-widget-flex-grow)}<\/style>\t\t<div class=\"elementor-divider\">\n\t\t\t<span class=\"elementor-divider-separator\">\n\t\t\t\t\t\t<\/span>\n\t\t<\/div>\n\t\t\t\t<\/div>\n\t\t\t\t<\/div>\n\t\t\t\t<div class=\"elementor-element elementor-element-a3b0748 elementor-widget elementor-widget-heading\" data-id=\"a3b0748\" data-element_type=\"widget\" data-widget_type=\"heading.default\">\n\t\t\t\t<div class=\"elementor-widget-container\">\n\t\t\t<style>\/*! elementor - v3.10.2 - 29-01-2023 *\/\n.elementor-heading-title{padding:0;margin:0;line-height:1}.elementor-widget-heading .elementor-heading-title[class*=elementor-size-]>a{color:inherit;font-size:inherit;line-height:inherit}.elementor-widget-heading .elementor-heading-title.elementor-size-small{font-size:15px}.elementor-widget-heading .elementor-heading-title.elementor-size-medium{font-size:19px}.elementor-widget-heading .elementor-heading-title.elementor-size-large{font-size:29px}.elementor-widget-heading .elementor-heading-title.elementor-size-xl{font-size:39px}.elementor-widget-heading .elementor-heading-title.elementor-size-xxl{font-size:59px}<\/style><h2 class=\"elementor-heading-title elementor-size-default\">ANFAHRT<\/h2>\t\t<\/div>\n\t\t\t\t<\/div>\n\t\t\t\t\t<\/div>\n\t\t<\/div>\n\t\t\t\t\t\t\t<\/div>\n\t\t<\/section>\n\t\t\t\t<section class=\"elementor-section elementor-top-section elementor-element elementor-element-11cf5ac qode_elementor_container_inner elementor-section-boxed elementor-section-height-default elementor-section-height-default parallax_section_no qode-content-aligment-left\" data-id=\"11cf5ac\" data-element_type=\"section\">\n\t\t\t\t\t\t<div class=\"elementor-container elementor-column-gap-default\">\n\t\t\t\t\t<div class=\"elementor-column elementor-col-50 elementor-top-column elementor-element elementor-element-2c70b95\" data-id=\"2c70b95\" data-element_type=\"column\">\n\t\t\t<div class=\"elementor-widget-wrap elementor-element-populated\">\n\t\t\t\t\t\t\t\t<div class=\"elementor-element elementor-element-b800587 elementor-widget elementor-widget-text-editor\" data-id=\"b800587\" data-element_type=\"widget\" data-widget_type=\"text-editor.default\">\n\t\t\t\t<div class=\"elementor-widget-container\">\n\t\t\t<style>\/*! elementor - v3.10.2 - 29-01-2023 *\/\n.elementor-widget-text-editor.elementor-drop-cap-view-stacked .elementor-drop-cap{background-color:#818a91;color:#fff}.elementor-widget-text-editor.elementor-drop-cap-view-framed .elementor-drop-cap{color:#818a91;border:3px solid;background-color:transparent}.elementor-widget-text-editor:not(.elementor-drop-cap-view-default) .elementor-drop-cap{margin-top:8px}.elementor-widget-text-editor:not(.elementor-drop-cap-view-default) .elementor-drop-cap-letter{width:1em;height:1em}.elementor-widget-text-editor .elementor-drop-cap{float:left;text-align:center;line-height:1;font-size:50px}.elementor-widget-text-editor .elementor-drop-cap-letter{display:inline-block}<\/style>\t\t\t\t<p><span style=\"font-family: radikal-light;\">Wir achteten bei der Planung und Durchf\u00fchrung unserer Veranstaltungen auf eine klimaschonende An- und Abreise der Besucher:innen und Teilnehmer:innen. Unsere Veranstaltungsorte sind mit \u00f6ffentlichen Verkehrsmitteln (Bahn oder Bus), zu Fu\u00df und\/oder mit dem Fahrrad erreichbar.<\/span><\/p>\t\t\t\t\t\t<\/div>\n\t\t\t\t<\/div>\n\t\t\t\t<div class=\"elementor-element elementor-element-2c7889c elementor-widget elementor-widget-text-editor\" data-id=\"2c7889c\" data-element_type=\"widget\" data-widget_type=\"text-editor.default\">\n\t\t\t\t<div class=\"elementor-widget-container\">\n\t\t\t\t\t\t\tG\u00fcnstige und umweltfreundliche Alternativen zum motorisierten Individualverkehr bieten u.a.\u00a0<a href=\"https:\/\/www.umweltberatung.at\/carsharing-mitfahrboersen\">Fahrgemeinschaften<\/a>\u00a0oder die Anreise mit\u00a0<a href=\"https:\/\/www.vor.at\/\">\u00f6ffentlichen Verkehrsmittel<\/a>.\t\t\t\t\t\t<\/div>\n\t\t\t\t<\/div>\n\t\t\t\t\t<\/div>\n\t\t<\/div>\n\t\t\t\t<div class=\"elementor-column elementor-col-50 elementor-top-column elementor-element elementor-element-ccac1b0\" data-id=\"ccac1b0\" data-element_type=\"column\">\n\t\t\t<div class=\"elementor-widget-wrap elementor-element-populated\">\n\t\t\t\t\t\t\t\t<div class=\"elementor-element elementor-element-910796c elementor-widget elementor-widget-text-editor\" data-id=\"910796c\" data-element_type=\"widget\" data-widget_type=\"text-editor.default\">\n\t\t\t\t<div class=\"elementor-widget-container\">\n\t\t\t\t\t\t\tMit dem Auto\t\t\t\t\t\t<\/div>\n\t\t\t\t<\/div>\n\t\t\t\t<div class=\"elementor-element elementor-element-591e052 elementor-widget elementor-widget-text-editor\" data-id=\"591e052\" data-element_type=\"widget\" data-widget_type=\"text-editor.default\">\n\t\t\t\t<div class=\"elementor-widget-container\">\n\t\t\t\t\t\t\t<p><span style=\"font-family: radikal-light;\">Der Weg nach Lunz am See (N\u00d6) ist leicht. Von der Westautobahn kommend, bei YBBS (Exit 100) abfahren und dann Richtung WIESELBURG auf der B25. Durch PURGSTALL, SCHEIBBS, KIENBERG und GAMING durchfahren, einen mittelhohen Berg \u00fcberwinden und schon sind Sie in Lunz am See. Die Fahrt von Wien dauert mit dem Auto rund zwei Stunden und bietet ab der Abfahrt von der Westautobahn eine ab\u00adwechs\u00adlungs\u00adreiche Landschaft.<\/span><\/p>\t\t\t\t\t\t<\/div>\n\t\t\t\t<\/div>\n\t\t\t\t<div class=\"elementor-element elementor-element-af2ef0e elementor-widget elementor-widget-text-editor\" data-id=\"af2ef0e\" data-element_type=\"widget\" data-widget_type=\"text-editor.default\">\n\t\t\t\t<div class=\"elementor-widget-container\">\n\t\t\t\t\t\t\tMit Bahn und Bus\t\t\t\t\t\t<\/div>\n\t\t\t\t<\/div>\n\t\t\t\t<div class=\"elementor-element elementor-element-475d897 elementor-widget elementor-widget-text-editor\" data-id=\"475d897\" data-element_type=\"widget\" data-widget_type=\"text-editor.default\">\n\t\t\t\t<div class=\"elementor-widget-container\">\n\t\t\t\t\t\t\tMit der Bahn bis P\u00f6chlarn, dort in die Erlauf\u00adtalbahn umsteigen und bis Scheibbs fahren, von dort geht\u2019s weiter mit dem Bus bis Lunz.\t\t\t\t\t\t<\/div>\n\t\t\t\t<\/div>\n\t\t\t\t\t<\/div>\n\t\t<\/div>\n\t\t\t\t\t\t\t<\/div>\n\t\t<\/section>\n\t\t\t\t<section class=\"elementor-section elementor-top-section elementor-element elementor-element-8e0a0a6 elementor-section-full_width elementor-section-height-default elementor-section-height-default parallax_section_no qode_elementor_container_no qode-content-aligment-left\" data-id=\"8e0a0a6\" data-element_type=\"section\">\n\t\t\t\t\t\t<div class=\"elementor-container elementor-column-gap-default\">\n\t\t\t\t\t<div class=\"elementor-column elementor-col-100 elementor-top-column elementor-element elementor-element-c6d607b\" data-id=\"c6d607b\" data-element_type=\"column\">\n\t\t\t<div class=\"elementor-widget-wrap elementor-element-populated\">\n\t\t\t\t\t\t\t\t<div class=\"elementor-element elementor-element-ecebbf4 elementor-widget-divider--view-line elementor-widget elementor-widget-divider\" data-id=\"ecebbf4\" data-element_type=\"widget\" data-widget_type=\"divider.default\">\n\t\t\t\t<div class=\"elementor-widget-container\">\n\t\t\t\t\t<div class=\"elementor-divider\">\n\t\t\t<span class=\"elementor-divider-separator\">\n\t\t\t\t\t\t<\/span>\n\t\t<\/div>\n\t\t\t\t<\/div>\n\t\t\t\t<\/div>\n\t\t\t\t<div class=\"elementor-element elementor-element-96d66f7 elementor-widget elementor-widget-heading\" data-id=\"96d66f7\" data-element_type=\"widget\" data-widget_type=\"heading.default\">\n\t\t\t\t<div class=\"elementor-widget-container\">\n\t\t\t<h2 class=\"elementor-heading-title elementor-size-default\">Unterk\u00fcnfte\n<\/h2>\t\t<\/div>\n\t\t\t\t<\/div>\n\t\t\t\t\t<\/div>\n\t\t<\/div>\n\t\t\t\t\t\t\t<\/div>\n\t\t<\/section>\n\t\t\t\t<section class=\"elementor-section elementor-top-section elementor-element elementor-element-c6eb14b qode_elementor_container_inner elementor-section-boxed elementor-section-height-default elementor-section-height-default parallax_section_no qode-content-aligment-left\" data-id=\"c6eb14b\" data-element_type=\"section\">\n\t\t\t\t\t\t<div class=\"elementor-container elementor-column-gap-default\">\n\t\t\t\t\t<div class=\"elementor-column elementor-col-50 elementor-top-column elementor-element elementor-element-3d7c240\" data-id=\"3d7c240\" data-element_type=\"column\">\n\t\t\t<div class=\"elementor-widget-wrap elementor-element-populated\">\n\t\t\t\t\t\t\t\t<div class=\"elementor-element elementor-element-65bf973 elementor-widget elementor-widget-text-editor\" data-id=\"65bf973\" data-element_type=\"widget\" data-widget_type=\"text-editor.default\">\n\t\t\t\t<div class=\"elementor-widget-container\">\n\t\t\t\t\t\t\t<p>Unterk\u00fcnfte in unserer N\u00e4he:<\/p>\t\t\t\t\t\t<\/div>\n\t\t\t\t<\/div>\n\t\t\t\t\t<\/div>\n\t\t<\/div>\n\t\t\t\t<div class=\"elementor-column elementor-col-50 elementor-top-column elementor-element elementor-element-a0cfc7c\" data-id=\"a0cfc7c\" data-element_type=\"column\">\n\t\t\t<div class=\"elementor-widget-wrap elementor-element-populated\">\n\t\t\t\t\t\t\t\t<div class=\"elementor-element elementor-element-04427c5 elementor-widget elementor-widget-text-editor\" data-id=\"04427c5\" data-element_type=\"widget\" data-widget_type=\"text-editor.default\">\n\t\t\t\t<div class=\"elementor-widget-container\">\n\t\t\t\t\t\t\t<p><a href=\"https:\/\/www.ybbstaler-alpen.at\/unterkuenfte-in-lunz-am-see-1\" target=\"_blank\" rel=\"noopener\">Unterk\u00fcnfte Lunz am See<\/a><br \/><a href=\"http:\/\/www.goestling-hochkar.at\/de\/?tt=GOESTL_R25\" target=\"_blank\" rel=\"noopener\">Unterk\u00fcnfte in G\u00f6stling<\/a><br \/><a href=\"http:\/\/www.lackenhof.at\/de\/?tt=LACKENHOF_R25&amp;id=109821\" target=\"_blank\" rel=\"noopener\">Unterk\u00fcnfte in Gaming<\/a><\/p><p>\u00a0<\/p><p><a href=\"https:\/\/www.mostviertel.at\/tipps\/lunz-am-see\/unterkuenfte\" target=\"_blank\" rel=\"noopener\">www.mostviertel.at<\/a><br \/><a href=\"https:\/\/www.ybbstaler-alpen.at\/unterkuenfte-in-lunz-am-see-2\" target=\"_blank\" rel=\"noopener\">www.ybbstaler-alpen.at<\/a><br \/><a href=\"https:\/\/www.niederoesterreich.at\/tipps\/seebad-lunz-am-see\/unterkuenfte\" target=\"_blank\" rel=\"noopener\">www.niederoesterreich.at<\/a><\/p>\t\t\t\t\t\t<\/div>\n\t\t\t\t<\/div>\n\t\t\t\t\t<\/div>\n\t\t<\/div>\n\t\t\t\t\t\t\t<\/div>\n\t\t<\/section>\n\t\t\t\t\t\t\t<\/div>","protected":false},"excerpt":{"rendered":"<p>ANFAHRT Wir achteten bei der Planung und Durchf\u00fchrung unserer Veranstaltungen auf eine klimaschonende An- und Abreise der Besucher:innen und Teilnehmer:innen. Unsere Veranstaltungsorte sind mit \u00f6ffentlichen Verkehrsmitteln (Bahn oder Bus), zu Fu\u00df und\/oder mit dem Fahrrad erreichbar. G\u00fcnstige und umweltfreundliche Alternativen zum motorisierten Individualverkehr bieten u.a.\u00a0Fahrgemeinschaften\u00a0oder&#8230;<\/p>","protected":false},"author":1,"featured_media":0,"parent":0,"menu_order":0,"comment_status":"closed","ping_status":"closed","template":"full_width.php","meta":{"inline_featured_image":false,"footnotes":""},"folder":[],"class_list":["post-1152","page","type-page","status-publish","hentry"],"yoast_head":"<!-- This site is optimized with the Yoast SEO plugin v20.1 - https:\/\/yoast.com\/wordpress\/plugins\/seo\/ -->\n<title>Anfahrt&amp;Unterk\u00fcnfte - wellenklaenge<\/title>\n<meta name=\"robots\" content=\"index, follow, max-snippet:-1, max-image-preview:large, max-video-preview:-1\" \/>\n<link rel=\"canonical\" href=\"http:\/\/wellenklaenge.at\/en\/anfahrtunterkuenfte\/\" \/>\n<meta property=\"og:locale\" content=\"en_GB\" \/>\n<meta property=\"og:type\" content=\"article\" \/>\n<meta property=\"og:title\" content=\"Anfahrt&amp;Unterk\u00fcnfte - wellenklaenge\" \/>\n<meta property=\"og:description\" content=\"ANFAHRT Wir achteten bei der Planung und Durchf\u00fchrung unserer Veranstaltungen auf eine klimaschonende An- und Abreise der Besucher:innen und Teilnehmer:innen. Unsere Veranstaltungsorte sind mit \u00f6ffentlichen Verkehrsmitteln (Bahn oder Bus), zu Fu\u00df und\/oder mit dem Fahrrad erreichbar. G\u00fcnstige und umweltfreundliche Alternativen zum motorisierten Individualverkehr bieten u.a.\u00a0Fahrgemeinschaften\u00a0oder...\" \/>\n<meta property=\"og:url\" content=\"http:\/\/wellenklaenge.at\/en\/anfahrtunterkuenfte\/\" \/>\n<meta property=\"og:site_name\" content=\"wellenklaenge\" \/>\n<meta property=\"article:modified_time\" content=\"2024-05-12T16:43:17+00:00\" \/>\n<meta name=\"twitter:card\" content=\"summary_large_image\" \/>\n<meta name=\"twitter:label1\" content=\"Estimated reading time\" \/>\n\t<meta name=\"twitter:data1\" content=\"1 minute\" \/>\n<script type=\"application\/ld+json\" class=\"yoast-schema-graph\">{\"@context\":\"https:\/\/schema.org\",\"@graph\":[{\"@type\":\"WebPage\",\"@id\":\"https:\/\/wellenklaenge.at\/anfahrtunterkuenfte\/\",\"url\":\"https:\/\/wellenklaenge.at\/anfahrtunterkuenfte\/\",\"name\":\"Anfahrt&Unterk\u00fcnfte - wellenklaenge\",\"isPartOf\":{\"@id\":\"https:\/\/wellenklaenge.at\/#website\"},\"datePublished\":\"2022-02-13T06:54:44+00:00\",\"dateModified\":\"2024-05-12T16:43:17+00:00\",\"breadcrumb\":{\"@id\":\"https:\/\/wellenklaenge.at\/anfahrtunterkuenfte\/#breadcrumb\"},\"inLanguage\":\"en-GB\",\"potentialAction\":[{\"@type\":\"ReadAction\",\"target\":[\"https:\/\/wellenklaenge.at\/anfahrtunterkuenfte\/\"]}]},{\"@type\":\"BreadcrumbList\",\"@id\":\"https:\/\/wellenklaenge.at\/anfahrtunterkuenfte\/#breadcrumb\",\"itemListElement\":[{\"@type\":\"ListItem\",\"position\":1,\"name\":\"Startseite\",\"item\":\"https:\/\/wellenklaenge.at\/\"},{\"@type\":\"ListItem\",\"position\":2,\"name\":\"Anfahrt&#038;Unterk\u00fcnfte\"}]},{\"@type\":\"WebSite\",\"@id\":\"https:\/\/wellenklaenge.at\/#website\",\"url\":\"https:\/\/wellenklaenge.at\/\",\"name\":\"wellenklaenge\",\"description\":\"Festival f\u00fcr zeitgen\u00f6ssische Str\u00f6mungen\",\"potentialAction\":[{\"@type\":\"SearchAction\",\"target\":{\"@type\":\"EntryPoint\",\"urlTemplate\":\"https:\/\/wellenklaenge.at\/?s={search_term_string}\"},\"query-input\":\"required name=search_term_string\"}],\"inLanguage\":\"en-GB\"}]}<\/script>\n<!-- \/ Yoast SEO plugin. -->","yoast_head_json":{"title":"Anfahrt&Unterk\u00fcnfte - wellenklaenge","robots":{"index":"index","follow":"follow","max-snippet":"max-snippet:-1","max-image-preview":"max-image-preview:large","max-video-preview":"max-video-preview:-1"},"canonical":"http:\/\/wellenklaenge.at\/en\/anfahrtunterkuenfte\/","og_locale":"en_GB","og_type":"article","og_title":"Anfahrt&Unterk\u00fcnfte - wellenklaenge","og_description":"ANFAHRT Wir achteten bei der Planung und Durchf\u00fchrung unserer Veranstaltungen auf eine klimaschonende An- und Abreise der Besucher:innen und Teilnehmer:innen. Unsere Veranstaltungsorte sind mit \u00f6ffentlichen Verkehrsmitteln (Bahn oder Bus), zu Fu\u00df und\/oder mit dem Fahrrad erreichbar. G\u00fcnstige und umweltfreundliche Alternativen zum motorisierten Individualverkehr bieten u.a.\u00a0Fahrgemeinschaften\u00a0oder...","og_url":"http:\/\/wellenklaenge.at\/en\/anfahrtunterkuenfte\/","og_site_name":"wellenklaenge","article_modified_time":"2024-05-12T16:43:17+00:00","twitter_card":"summary_large_image","twitter_misc":{"Estimated reading time":"1 minute"},"schema":{"@context":"https:\/\/schema.org","@graph":[{"@type":"WebPage","@id":"https:\/\/wellenklaenge.at\/anfahrtunterkuenfte\/","url":"https:\/\/wellenklaenge.at\/anfahrtunterkuenfte\/","name":"Anfahrt&Unterk\u00fcnfte - wellenklaenge","isPartOf":{"@id":"https:\/\/wellenklaenge.at\/#website"},"datePublished":"2022-02-13T06:54:44+00:00","dateModified":"2024-05-12T16:43:17+00:00","breadcrumb":{"@id":"https:\/\/wellenklaenge.at\/anfahrtunterkuenfte\/#breadcrumb"},"inLanguage":"en-GB","potentialAction":[{"@type":"ReadAction","target":["https:\/\/wellenklaenge.at\/anfahrtunterkuenfte\/"]}]},{"@type":"BreadcrumbList","@id":"https:\/\/wellenklaenge.at\/anfahrtunterkuenfte\/#breadcrumb","itemListElement":[{"@type":"ListItem","position":1,"name":"Startseite","item":"https:\/\/wellenklaenge.at\/"},{"@type":"ListItem","position":2,"name":"Anfahrt&#038;Unterk\u00fcnfte"}]},{"@type":"WebSite","@id":"https:\/\/wellenklaenge.at\/#website","url":"https:\/\/wellenklaenge.at\/","name":"wellenklaenge","description":"Festival f\u00fcr zeitgen\u00f6ssische Str\u00f6mungen","potentialAction":[{"@type":"SearchAction","target":{"@type":"EntryPoint","urlTemplate":"https:\/\/wellenklaenge.at\/?s={search_term_string}"},"query-input":"required name=search_term_string"}],"inLanguage":"en-GB"}]}},"_links":{"self":[{"href":"http:\/\/wellenklaenge.at\/en\/wp-json\/wp\/v2\/pages\/1152","targetHints":{"allow":["GET"]}}],"collection":[{"href":"http:\/\/wellenklaenge.at\/en\/wp-json\/wp\/v2\/pages"}],"about":[{"href":"http:\/\/wellenklaenge.at\/en\/wp-json\/wp\/v2\/types\/page"}],"author":[{"embeddable":true,"href":"http:\/\/wellenklaenge.at\/en\/wp-json\/wp\/v2\/users\/1"}],"replies":[{"embeddable":true,"href":"http:\/\/wellenklaenge.at\/en\/wp-json\/wp\/v2\/comments?post=1152"}],"version-history":[{"count":10,"href":"http:\/\/wellenklaenge.at\/en\/wp-json\/wp\/v2\/pages\/1152\/revisions"}],"predecessor-version":[{"id":11785,"href":"http:\/\/wellenklaenge.at\/en\/wp-json\/wp\/v2\/pages\/1152\/revisions\/11785"}],"wp:attachment":[{"href":"http:\/\/wellenklaenge.at\/en\/wp-json\/wp\/v2\/media?parent=1152"}],"wp:term":[{"taxonomy":"folder","embeddable":true,"href":"http:\/\/wellenklaenge.at\/en\/wp-json\/wp\/v2\/folder?post=1152"}],"curies":[{"name":"wp","href":"https:\/\/api.w.org\/{rel}","templated":true}]}}